{"id":19891,"date":"2023-11-13T14:13:56","date_gmt":"2023-11-13T13:13:56","guid":{"rendered":"https:\/\/baralivres.ma\/?post_type=product&#038;p=19891"},"modified":"2023-11-13T14:13:57","modified_gmt":"2023-11-13T13:13:57","slug":"devenez-narcissique-et-sauvez-votre-peau","status":"publish","type":"product","link":"https:\/\/baralivres.ma\/?product=devenez-narcissique-et-sauvez-votre-peau","title":{"rendered":"Devenez narcissique et sauvez votre peau !"},"content":{"rendered":"<p>\u00ab\u00a0Lib\u00e9rez-vous du stress avec la m\u00e9thode de m\u00e9ditation de pleine conscience ! Gr\u00e2ce \u00e0 des exercices pratiques, Fabrice Midal guide les d\u00e9butants et les initi\u00e9s dans la d\u00e9couverte de cette pratique mill\u00e9naire. Apprenez \u00e0 \u00eatre pr\u00e9sent \u00e0 chaque instant et \u00e0 retrouver la paix int\u00e9rieure.\u00a0\u00bb<\/p>\n","protected":false},"excerpt":{"rendered":"<p>\u00ab\u00a0Lib\u00e9rez-vous du stress avec la m\u00e9thode de m\u00e9ditation de pleine conscience pour retrouver la paix int\u00e9rieure.\u00a0\u00bb<\/p>\n","protected":false},"featured_media":19892,"comment_status":"open","ping_status":"closed","template":"","meta":{"inline_featured_image":false},"product_cat":[204,91],"product_tag":[],"class_list":{"0":"post-19891","1":"product","2":"type-product","3":"status-publish","4":"has-post-thumbnail","6":"product_cat-francais","7":"product_cat-developpement","8":"pa_auteurs-fabrice-midal","10":"first","11":"instock","12":"shipping-taxable","13":"purchasable","14":"product-type-simple"},"_links":{"self":[{"href":"https:\/\/baralivres.ma\/index.php?rest_route=\/wp\/v2\/product\/19891","targetHints":{"allow":["GET"]}}],"collection":[{"href":"https:\/\/baralivres.ma\/index.php?rest_route=\/wp\/v2\/product"}],"about":[{"href":"https:\/\/baralivres.ma\/index.php?rest_route=\/wp\/v2\/types\/product"}],"replies":[{"embeddable":true,"href":"https:\/\/baralivres.ma\/index.php?rest_route=%2Fwp%2Fv2%2Fcomments&post=19891"}],"version-history":[{"count":1,"href":"https:\/\/baralivres.ma\/index.php?rest_route=\/wp\/v2\/product\/19891\/revisions"}],"predecessor-version":[{"id":19893,"href":"https:\/\/baralivres.ma\/index.php?rest_route=\/wp\/v2\/product\/19891\/revisions\/19893"}],"wp:featuredmedia":[{"embeddable":true,"href":"https:\/\/baralivres.ma\/index.php?rest_route=\/wp\/v2\/media\/19892"}],"wp:attachment":[{"href":"https:\/\/baralivres.ma\/index.php?rest_route=%2Fwp%2Fv2%2Fmedia&parent=19891"}],"wp:term":[{"taxonomy":"product_cat","embeddable":true,"href":"https:\/\/baralivres.ma\/index.php?rest_route=%2Fwp%2Fv2%2Fproduct_cat&post=19891"},{"taxonomy":"product_tag","embeddable":true,"href":"https:\/\/baralivres.ma\/index.php?rest_route=%2Fwp%2Fv2%2Fproduct_tag&post=19891"}],"curies":[{"name":"wp","href":"https:\/\/api.w.org\/{rel}","templated":true}]}}