{"id":19874,"date":"2023-11-13T14:02:29","date_gmt":"2023-11-13T13:02:29","guid":{"rendered":"https:\/\/baralivres.ma\/?post_type=product&#038;p=19874"},"modified":"2023-11-13T14:02:30","modified_gmt":"2023-11-13T13:02:30","slug":"la-methode-simple-pour-en-finir-avec-la-cigarette","status":"publish","type":"product","link":"https:\/\/baralivres.ma\/?product=la-methode-simple-pour-en-finir-avec-la-cigarette","title":{"rendered":"La M\u00e9thode simple pour en finir avec la cigarette"},"content":{"rendered":"<p>En 1983, Allen CARR a cr\u00e9\u00e9 La M\u00e9thode simple pour en finir avec la cigarette, un best-seller mondial avec plus de 18 millions d&rsquo;exemplaires vendus. Consid\u00e9r\u00e9 comme l&rsquo;expert de l&rsquo;arr\u00eat du tabac, il propose une m\u00e9thode \u00e9prouv\u00e9e, douce et sans m\u00e9dicaments, ayant aid\u00e9 des millions de fumeurs \u00e0 abandonner le tabac sans prendre de poids. Les conseils avis\u00e9s d&rsquo;Allen Carr sont disponibles sur <a href=\"http:\/\/www.allencarr.com\/\" target=\"_new\" rel=\"noopener\">www.allencarr.com<\/a>. D\u00e9couvrez LA m\u00e9thode pour arr\u00eater de fumer, d\u00e9finitivement, sans substituts. Disponible chez 12-21, l&rsquo;\u00e9diteur num\u00e9rique.<\/p>\n","protected":false},"excerpt":{"rendered":"<p>La m\u00e9thode d&rsquo;Allen Carr, expert de l&rsquo;arr\u00eat du tabac, permet de cesser de fumer sans contraintes.<\/p>\n","protected":false},"featured_media":19883,"comment_status":"open","ping_status":"closed","template":"","meta":{"inline_featured_image":false},"product_cat":[204,91],"product_tag":[],"class_list":{"0":"post-19874","1":"product","2":"type-product","3":"status-publish","4":"has-post-thumbnail","6":"product_cat-francais","7":"product_cat-developpement","8":"pa_auteurs-allen-carr","10":"first","11":"instock","12":"shipping-taxable","13":"purchasable","14":"product-type-simple"},"_links":{"self":[{"href":"https:\/\/baralivres.ma\/index.php?rest_route=\/wp\/v2\/product\/19874","targetHints":{"allow":["GET"]}}],"collection":[{"href":"https:\/\/baralivres.ma\/index.php?rest_route=\/wp\/v2\/product"}],"about":[{"href":"https:\/\/baralivres.ma\/index.php?rest_route=\/wp\/v2\/types\/product"}],"replies":[{"embeddable":true,"href":"https:\/\/baralivres.ma\/index.php?rest_route=%2Fwp%2Fv2%2Fcomments&post=19874"}],"version-history":[{"count":1,"href":"https:\/\/baralivres.ma\/index.php?rest_route=\/wp\/v2\/product\/19874\/revisions"}],"predecessor-version":[{"id":19884,"href":"https:\/\/baralivres.ma\/index.php?rest_route=\/wp\/v2\/product\/19874\/revisions\/19884"}],"wp:featuredmedia":[{"embeddable":true,"href":"https:\/\/baralivres.ma\/index.php?rest_route=\/wp\/v2\/media\/19883"}],"wp:attachment":[{"href":"https:\/\/baralivres.ma\/index.php?rest_route=%2Fwp%2Fv2%2Fmedia&parent=19874"}],"wp:term":[{"taxonomy":"product_cat","embeddable":true,"href":"https:\/\/baralivres.ma\/index.php?rest_route=%2Fwp%2Fv2%2Fproduct_cat&post=19874"},{"taxonomy":"product_tag","embeddable":true,"href":"https:\/\/baralivres.ma\/index.php?rest_route=%2Fwp%2Fv2%2Fproduct_tag&post=19874"}],"curies":[{"name":"wp","href":"https:\/\/api.w.org\/{rel}","templated":true}]}}