{"id":19868,"date":"2023-11-13T13:59:35","date_gmt":"2023-11-13T12:59:35","guid":{"rendered":"https:\/\/baralivres.ma\/?post_type=product&#038;p=19868"},"modified":"2024-11-18T13:45:30","modified_gmt":"2024-11-18T12:45:30","slug":"arsene-lupin-arsene-lupin-le-bouchon-de-cristal","status":"publish","type":"product","link":"https:\/\/baralivres.ma\/?product=arsene-lupin-arsene-lupin-le-bouchon-de-cristal","title":{"rendered":"Ars\u00e8ne Lupin &#8211; : Ars\u00e8ne Lupin, le bouchon de cristal"},"content":{"rendered":"<p>Un vol qui prend une tournure dangereuse. Un ma\u00eetre chanteur odieux. Un bouchon de cristal convoit\u00e9 par tous. C&rsquo;est une affaire sombre pour Ars\u00e8ne Lupin ! Cependant, cette fois-ci, le prince des voleurs a rencontr\u00e9 un adversaire \u00e0 la hauteur. Une lutte impitoyable se profile \u00e0 l&rsquo;horizon.<\/p>\n","protected":false},"excerpt":{"rendered":"<p>Ars\u00e8ne Lupin confront\u00e9 \u00e0 un vol p\u00e9rilleux, ma\u00eetre chanteur odieux, bouchon cristal disput\u00e9, combat acharn\u00e9 s&rsquo;annonce.<\/p>\n","protected":false},"featured_media":19875,"comment_status":"open","ping_status":"closed","template":"","meta":{"inline_featured_image":false},"product_cat":[203,204],"product_tag":[],"class_list":{"0":"post-19868","1":"product","2":"type-product","3":"status-publish","4":"has-post-thumbnail","6":"product_cat-adolescente","7":"product_cat-francais","8":"pa_auteurs-maurice-leblanc-2","10":"first","11":"instock","12":"shipping-taxable","13":"purchasable","14":"product-type-simple"},"_links":{"self":[{"href":"https:\/\/baralivres.ma\/index.php?rest_route=\/wp\/v2\/product\/19868","targetHints":{"allow":["GET"]}}],"collection":[{"href":"https:\/\/baralivres.ma\/index.php?rest_route=\/wp\/v2\/product"}],"about":[{"href":"https:\/\/baralivres.ma\/index.php?rest_route=\/wp\/v2\/types\/product"}],"replies":[{"embeddable":true,"href":"https:\/\/baralivres.ma\/index.php?rest_route=%2Fwp%2Fv2%2Fcomments&post=19868"}],"version-history":[{"count":1,"href":"https:\/\/baralivres.ma\/index.php?rest_route=\/wp\/v2\/product\/19868\/revisions"}],"predecessor-version":[{"id":19876,"href":"https:\/\/baralivres.ma\/index.php?rest_route=\/wp\/v2\/product\/19868\/revisions\/19876"}],"wp:featuredmedia":[{"embeddable":true,"href":"https:\/\/baralivres.ma\/index.php?rest_route=\/wp\/v2\/media\/19875"}],"wp:attachment":[{"href":"https:\/\/baralivres.ma\/index.php?rest_route=%2Fwp%2Fv2%2Fmedia&parent=19868"}],"wp:term":[{"taxonomy":"product_cat","embeddable":true,"href":"https:\/\/baralivres.ma\/index.php?rest_route=%2Fwp%2Fv2%2Fproduct_cat&post=19868"},{"taxonomy":"product_tag","embeddable":true,"href":"https:\/\/baralivres.ma\/index.php?rest_route=%2Fwp%2Fv2%2Fproduct_tag&post=19868"}],"curies":[{"name":"wp","href":"https:\/\/api.w.org\/{rel}","templated":true}]}}