{"id":19858,"date":"2023-11-13T13:49:49","date_gmt":"2023-11-13T12:49:49","guid":{"rendered":"https:\/\/baralivres.ma\/?post_type=product&#038;p=19858"},"modified":"2023-11-13T13:49:51","modified_gmt":"2023-11-13T12:49:51","slug":"le-defi-positif","status":"publish","type":"product","link":"https:\/\/baralivres.ma\/?product=le-defi-positif","title":{"rendered":"Le d\u00e9fi positif"},"content":{"rendered":"<p>\u00cates-vous pr\u00eat \u00e0 relever le d\u00e9fi de lib\u00e9rer votre potentiel positif ? Dans cet ouvrage, Thierry Janssen explore les th\u00e8mes du plaisir, du sens, de l&rsquo;optimisme, de l&rsquo;altruisme, de l&rsquo;int\u00e9grit\u00e9, de la cr\u00e9ativit\u00e9, de l&rsquo;humour, de la gratitude, et bien d&rsquo;autres forces positives. En s&rsquo;appuyant sur les sagesses anciennes, la philosophie, ainsi que sur les avanc\u00e9es r\u00e9centes en biologie, neurosciences et psychologie, il propose un guide accessible pour atteindre un v\u00e9ritable \u00e9panouissement et remporter le d\u00e9fi positif. Thierry Janssen, m\u00e9decin et psychoth\u00e9rapeute, sp\u00e9cialis\u00e9 dans l&rsquo;accompagnement des malades, enseigne une m\u00e9decine humaniste et responsable dans les h\u00f4pitaux et les facult\u00e9s de m\u00e9decine.<\/p>\n","protected":false},"excerpt":{"rendered":"<p>Dans \u00ab\u00a0Le D\u00e9fi Positif\u00a0\u00bb, Thierry Janssen explore le bonheur, l&rsquo;optimisme, l&rsquo;altruisme, la cr\u00e9ativit\u00e9, offrant un guide pour l&rsquo;\u00e9panouissement.<\/p>\n","protected":false},"featured_media":19862,"comment_status":"open","ping_status":"closed","template":"","meta":{"inline_featured_image":false},"product_cat":[204,91],"product_tag":[],"class_list":{"0":"post-19858","1":"product","2":"type-product","3":"status-publish","4":"has-post-thumbnail","6":"product_cat-francais","7":"product_cat-developpement","8":"pa_auteurs-thierry-janssen","10":"first","11":"instock","12":"shipping-taxable","13":"purchasable","14":"product-type-simple"},"_links":{"self":[{"href":"https:\/\/baralivres.ma\/index.php?rest_route=\/wp\/v2\/product\/19858","targetHints":{"allow":["GET"]}}],"collection":[{"href":"https:\/\/baralivres.ma\/index.php?rest_route=\/wp\/v2\/product"}],"about":[{"href":"https:\/\/baralivres.ma\/index.php?rest_route=\/wp\/v2\/types\/product"}],"replies":[{"embeddable":true,"href":"https:\/\/baralivres.ma\/index.php?rest_route=%2Fwp%2Fv2%2Fcomments&post=19858"}],"version-history":[{"count":1,"href":"https:\/\/baralivres.ma\/index.php?rest_route=\/wp\/v2\/product\/19858\/revisions"}],"predecessor-version":[{"id":19864,"href":"https:\/\/baralivres.ma\/index.php?rest_route=\/wp\/v2\/product\/19858\/revisions\/19864"}],"wp:featuredmedia":[{"embeddable":true,"href":"https:\/\/baralivres.ma\/index.php?rest_route=\/wp\/v2\/media\/19862"}],"wp:attachment":[{"href":"https:\/\/baralivres.ma\/index.php?rest_route=%2Fwp%2Fv2%2Fmedia&parent=19858"}],"wp:term":[{"taxonomy":"product_cat","embeddable":true,"href":"https:\/\/baralivres.ma\/index.php?rest_route=%2Fwp%2Fv2%2Fproduct_cat&post=19858"},{"taxonomy":"product_tag","embeddable":true,"href":"https:\/\/baralivres.ma\/index.php?rest_route=%2Fwp%2Fv2%2Fproduct_tag&post=19858"}],"curies":[{"name":"wp","href":"https:\/\/api.w.org\/{rel}","templated":true}]}}