{"id":19855,"date":"2023-11-13T13:48:08","date_gmt":"2023-11-13T12:48:08","guid":{"rendered":"https:\/\/baralivres.ma\/?post_type=product&#038;p=19855"},"modified":"2024-11-18T13:46:13","modified_gmt":"2024-11-18T12:46:13","slug":"a-la-croisee-des-mondes-tome-3-le-miroir-dambre","status":"publish","type":"product","link":"https:\/\/baralivres.ma\/?product=a-la-croisee-des-mondes-tome-3-le-miroir-dambre","title":{"rendered":"A la Crois\u00e9e des Mondes &#8211; Tome 3 : Le Miroir d&rsquo;ambre"},"content":{"rendered":"<p>Lyra se trouve captur\u00e9e par Mme Coulter, plong\u00e9e dans un sommeil artificiel pour garantir sa soumission. Will, l&rsquo;ami de Lyra, muni du poignard subtil, part \u00e0 sa rescousse avec l&rsquo;accompagnement d&rsquo;un duo d&rsquo;anges acerbes. Apr\u00e8s avoir lib\u00e9r\u00e9 Lyra, cette derni\u00e8re, \u00e0 son r\u00e9veil, r\u00e9v\u00e8le une mission encore plus dangereuse : ils doivent s&rsquo;aventurer dans le monde des morts. Philip Pullman conclut sa trilogie avec une s\u00e9rie d&rsquo;aventures, de batailles et d&rsquo;explorations qui se d\u00e9roulent \u00e0 un rythme palpitant. Au-del\u00e0 du destin de ses deux h\u00e9ros, l&rsquo;auteur trace \u00e9galement un fascinant condens\u00e9 de l&rsquo;exp\u00e9rience humaine.<\/p>\n","protected":false},"excerpt":{"rendered":"<p>Lyra captur\u00e9e par Mme Coulter, sauv\u00e9e par Will, mission p\u00e9rilleuse dans le monde des morts.<\/p>\n","protected":false},"featured_media":19859,"comment_status":"open","ping_status":"closed","template":"","meta":{"inline_featured_image":false},"product_cat":[203,204],"product_tag":[],"class_list":{"0":"post-19855","1":"product","2":"type-product","3":"status-publish","4":"has-post-thumbnail","6":"product_cat-adolescente","7":"product_cat-francais","8":"pa_auteurs-philip-pullman","10":"first","11":"instock","12":"shipping-taxable","13":"purchasable","14":"product-type-simple"},"_links":{"self":[{"href":"https:\/\/baralivres.ma\/index.php?rest_route=\/wp\/v2\/product\/19855","targetHints":{"allow":["GET"]}}],"collection":[{"href":"https:\/\/baralivres.ma\/index.php?rest_route=\/wp\/v2\/product"}],"about":[{"href":"https:\/\/baralivres.ma\/index.php?rest_route=\/wp\/v2\/types\/product"}],"replies":[{"embeddable":true,"href":"https:\/\/baralivres.ma\/index.php?rest_route=%2Fwp%2Fv2%2Fcomments&post=19855"}],"version-history":[{"count":1,"href":"https:\/\/baralivres.ma\/index.php?rest_route=\/wp\/v2\/product\/19855\/revisions"}],"predecessor-version":[{"id":19860,"href":"https:\/\/baralivres.ma\/index.php?rest_route=\/wp\/v2\/product\/19855\/revisions\/19860"}],"wp:featuredmedia":[{"embeddable":true,"href":"https:\/\/baralivres.ma\/index.php?rest_route=\/wp\/v2\/media\/19859"}],"wp:attachment":[{"href":"https:\/\/baralivres.ma\/index.php?rest_route=%2Fwp%2Fv2%2Fmedia&parent=19855"}],"wp:term":[{"taxonomy":"product_cat","embeddable":true,"href":"https:\/\/baralivres.ma\/index.php?rest_route=%2Fwp%2Fv2%2Fproduct_cat&post=19855"},{"taxonomy":"product_tag","embeddable":true,"href":"https:\/\/baralivres.ma\/index.php?rest_route=%2Fwp%2Fv2%2Fproduct_tag&post=19855"}],"curies":[{"name":"wp","href":"https:\/\/api.w.org\/{rel}","templated":true}]}}