{"id":19852,"date":"2023-11-13T13:44:58","date_gmt":"2023-11-13T12:44:58","guid":{"rendered":"https:\/\/baralivres.ma\/?post_type=product&#038;p=19852"},"modified":"2024-11-18T13:46:40","modified_gmt":"2024-11-18T12:46:40","slug":"kamo-tome-4-kamo-lidee-du-siecle","status":"publish","type":"product","link":"https:\/\/baralivres.ma\/?product=kamo-tome-4-kamo-lidee-du-siecle","title":{"rendered":"Kamo &#8211; Tome 4 : Kamo. L&rsquo;id\u00e9e du si\u00e8cle"},"content":{"rendered":"<p>Es-tu satisfait de toi, Kamo ? Penses-tu vraiment que ton id\u00e9e g\u00e9niale \u00e9tait la meilleure du si\u00e8cle ? Pourquoi a-t-elle provoqu\u00e9 une r\u00e9action aussi extr\u00eame chez M. Margerelle, notre cher instituteur ? Peux-tu expliquer pourquoi ta brillante id\u00e9e n&rsquo;a pas \u00e9t\u00e9 aussi brillante que pr\u00e9vu ? As-tu remarqu\u00e9 l&rsquo;\u00e9tat actuel de notre bien-aim\u00e9 instituteur ? Maintenant, quelles mesures as-tu l&rsquo;intention de prendre pour rem\u00e9dier \u00e0 la situation et le ramener \u00e0 la normale ?<\/p>\n","protected":false},"excerpt":{"rendered":"<p>Kamo regrette son id\u00e9e qui a perturb\u00e9 M. Margerelle et cherche une solution pour r\u00e9parer.<\/p>\n","protected":false},"featured_media":19853,"comment_status":"open","ping_status":"closed","template":"","meta":{"inline_featured_image":false},"product_cat":[203,204],"product_tag":[],"class_list":{"0":"post-19852","1":"product","2":"type-product","3":"status-publish","4":"has-post-thumbnail","6":"product_cat-adolescente","7":"product_cat-francais","8":"pa_auteurs-daniel-pennac","10":"first","11":"instock","12":"shipping-taxable","13":"purchasable","14":"product-type-simple"},"_links":{"self":[{"href":"https:\/\/baralivres.ma\/index.php?rest_route=\/wp\/v2\/product\/19852","targetHints":{"allow":["GET"]}}],"collection":[{"href":"https:\/\/baralivres.ma\/index.php?rest_route=\/wp\/v2\/product"}],"about":[{"href":"https:\/\/baralivres.ma\/index.php?rest_route=\/wp\/v2\/types\/product"}],"replies":[{"embeddable":true,"href":"https:\/\/baralivres.ma\/index.php?rest_route=%2Fwp%2Fv2%2Fcomments&post=19852"}],"version-history":[{"count":1,"href":"https:\/\/baralivres.ma\/index.php?rest_route=\/wp\/v2\/product\/19852\/revisions"}],"predecessor-version":[{"id":19854,"href":"https:\/\/baralivres.ma\/index.php?rest_route=\/wp\/v2\/product\/19852\/revisions\/19854"}],"wp:featuredmedia":[{"embeddable":true,"href":"https:\/\/baralivres.ma\/index.php?rest_route=\/wp\/v2\/media\/19853"}],"wp:attachment":[{"href":"https:\/\/baralivres.ma\/index.php?rest_route=%2Fwp%2Fv2%2Fmedia&parent=19852"}],"wp:term":[{"taxonomy":"product_cat","embeddable":true,"href":"https:\/\/baralivres.ma\/index.php?rest_route=%2Fwp%2Fv2%2Fproduct_cat&post=19852"},{"taxonomy":"product_tag","embeddable":true,"href":"https:\/\/baralivres.ma\/index.php?rest_route=%2Fwp%2Fv2%2Fproduct_tag&post=19852"}],"curies":[{"name":"wp","href":"https:\/\/api.w.org\/{rel}","templated":true}]}}