{"id":19847,"date":"2023-11-13T13:45:30","date_gmt":"2023-11-13T12:45:30","guid":{"rendered":"https:\/\/baralivres.ma\/?post_type=product&#038;p=19847"},"modified":"2023-11-13T13:45:31","modified_gmt":"2023-11-13T12:45:31","slug":"ecouter-le-silence-a-linterieur","status":"publish","type":"product","link":"https:\/\/baralivres.ma\/?product=ecouter-le-silence-a-linterieur","title":{"rendered":"Ecouter le silence \u00e0 l&rsquo;int\u00e9rieur"},"content":{"rendered":"<p>Au fil de trois d\u00e9cennies d&rsquo;engagement professionnel, Thierry Janssen a \u00e9volu\u00e9 de chirurgien \u00e0 psychoth\u00e9rapeute et, finalement, \u00e0 un accompagnant psychospirituel. Dans cette qu\u00eate, il partage son exp\u00e9rience exceptionnelle de l&rsquo;\u00e9coute du silence profond \u00e0 l&rsquo;int\u00e9rieur de soi, au-del\u00e0 des agitations ext\u00e9rieures. Il encourage chacun \u00e0 explorer ce chemin int\u00e9rieur pour trouver la paix, accepter le moment pr\u00e9sent et embrasser la gu\u00e9rison. Thierry Janssen souligne \u00e9galement l&rsquo;importance de la m\u00e9decine int\u00e9grative et d&rsquo;une perspective spirituelle dans notre soci\u00e9t\u00e9.<\/p>\n","protected":false},"excerpt":{"rendered":"<p>Thierry Janssen, ancien chirurgien devenu psychoth\u00e9rapeute, partage l&rsquo;exp\u00e9rience de l&rsquo;\u00e9coute int\u00e9rieure du silence pour la gu\u00e9rison.<\/p>\n","protected":false},"featured_media":19856,"comment_status":"open","ping_status":"closed","template":"","meta":{"inline_featured_image":false},"product_cat":[204,91],"product_tag":[],"class_list":{"0":"post-19847","1":"product","2":"type-product","3":"status-publish","4":"has-post-thumbnail","6":"product_cat-francais","7":"product_cat-developpement","8":"pa_auteurs-thierry-janssen","10":"first","11":"instock","12":"shipping-taxable","13":"purchasable","14":"product-type-simple"},"_links":{"self":[{"href":"https:\/\/baralivres.ma\/index.php?rest_route=\/wp\/v2\/product\/19847","targetHints":{"allow":["GET"]}}],"collection":[{"href":"https:\/\/baralivres.ma\/index.php?rest_route=\/wp\/v2\/product"}],"about":[{"href":"https:\/\/baralivres.ma\/index.php?rest_route=\/wp\/v2\/types\/product"}],"replies":[{"embeddable":true,"href":"https:\/\/baralivres.ma\/index.php?rest_route=%2Fwp%2Fv2%2Fcomments&post=19847"}],"version-history":[{"count":1,"href":"https:\/\/baralivres.ma\/index.php?rest_route=\/wp\/v2\/product\/19847\/revisions"}],"predecessor-version":[{"id":19857,"href":"https:\/\/baralivres.ma\/index.php?rest_route=\/wp\/v2\/product\/19847\/revisions\/19857"}],"wp:featuredmedia":[{"embeddable":true,"href":"https:\/\/baralivres.ma\/index.php?rest_route=\/wp\/v2\/media\/19856"}],"wp:attachment":[{"href":"https:\/\/baralivres.ma\/index.php?rest_route=%2Fwp%2Fv2%2Fmedia&parent=19847"}],"wp:term":[{"taxonomy":"product_cat","embeddable":true,"href":"https:\/\/baralivres.ma\/index.php?rest_route=%2Fwp%2Fv2%2Fproduct_cat&post=19847"},{"taxonomy":"product_tag","embeddable":true,"href":"https:\/\/baralivres.ma\/index.php?rest_route=%2Fwp%2Fv2%2Fproduct_tag&post=19847"}],"curies":[{"name":"wp","href":"https:\/\/api.w.org\/{rel}","templated":true}]}}