{"id":19843,"date":"2023-11-13T13:38:17","date_gmt":"2023-11-13T12:38:17","guid":{"rendered":"https:\/\/baralivres.ma\/?post_type=product&#038;p=19843"},"modified":"2023-11-13T13:38:17","modified_gmt":"2023-11-13T12:38:17","slug":"vivre-en-paix","status":"publish","type":"product","link":"https:\/\/baralivres.ma\/?product=vivre-en-paix","title":{"rendered":"Vivre en paix"},"content":{"rendered":"<p>Thierry Janssen, chirurgien devenu psychoth\u00e9rapeute, nous guide dans une exploration profonde de la paix int\u00e9rieure. Il invite \u00e0 comprendre le fonctionnement de notre esprit pour retrouver l&rsquo;intimit\u00e9 de soi dans l&rsquo;instant pr\u00e9sent, en acceptant ce dernier comme la seule r\u00e9alit\u00e9 que nous puissions v\u00e9ritablement transformer. \u00c0 travers ses \u00e9crits, il encourage l&rsquo;abandon de la souffrance, le choix du pardon envers soi-m\u00eame et les autres. Thierry Janssen propose des pistes vers la lib\u00e9ration \u00e9motionnelle et l&rsquo;harmonie int\u00e9rieure, cr\u00e9ant ainsi une passerelle vers le chemin de la joie et de la s\u00e9r\u00e9nit\u00e9. Ses ouvrages s&rsquo;inscrivent dans une approche globale de l&rsquo;\u00eatre humain, promouvant la \u00ab\u00a0m\u00e9decine int\u00e9grative\u00a0\u00bb et une vision plus spirituelle de la soci\u00e9t\u00e9.<\/p>\n","protected":false},"excerpt":{"rendered":"<p>Thierry Janssen, psychoth\u00e9rapeute, guide vers la paix int\u00e9rieure, explorant le pardon, l&rsquo;abandon de la souffrance, et l&rsquo;harmonie.<\/p>\n","protected":false},"featured_media":19844,"comment_status":"open","ping_status":"closed","template":"","meta":{"inline_featured_image":false},"product_cat":[204,91],"product_tag":[],"class_list":{"0":"post-19843","1":"product","2":"type-product","3":"status-publish","4":"has-post-thumbnail","6":"product_cat-francais","7":"product_cat-developpement","8":"pa_auteurs-thierry-janssen","10":"first","11":"instock","12":"shipping-taxable","13":"purchasable","14":"product-type-simple"},"_links":{"self":[{"href":"https:\/\/baralivres.ma\/index.php?rest_route=\/wp\/v2\/product\/19843","targetHints":{"allow":["GET"]}}],"collection":[{"href":"https:\/\/baralivres.ma\/index.php?rest_route=\/wp\/v2\/product"}],"about":[{"href":"https:\/\/baralivres.ma\/index.php?rest_route=\/wp\/v2\/types\/product"}],"replies":[{"embeddable":true,"href":"https:\/\/baralivres.ma\/index.php?rest_route=%2Fwp%2Fv2%2Fcomments&post=19843"}],"version-history":[{"count":1,"href":"https:\/\/baralivres.ma\/index.php?rest_route=\/wp\/v2\/product\/19843\/revisions"}],"predecessor-version":[{"id":19846,"href":"https:\/\/baralivres.ma\/index.php?rest_route=\/wp\/v2\/product\/19843\/revisions\/19846"}],"wp:featuredmedia":[{"embeddable":true,"href":"https:\/\/baralivres.ma\/index.php?rest_route=\/wp\/v2\/media\/19844"}],"wp:attachment":[{"href":"https:\/\/baralivres.ma\/index.php?rest_route=%2Fwp%2Fv2%2Fmedia&parent=19843"}],"wp:term":[{"taxonomy":"product_cat","embeddable":true,"href":"https:\/\/baralivres.ma\/index.php?rest_route=%2Fwp%2Fv2%2Fproduct_cat&post=19843"},{"taxonomy":"product_tag","embeddable":true,"href":"https:\/\/baralivres.ma\/index.php?rest_route=%2Fwp%2Fv2%2Fproduct_tag&post=19843"}],"curies":[{"name":"wp","href":"https:\/\/api.w.org\/{rel}","templated":true}]}}