{"id":19832,"date":"2023-11-13T13:24:39","date_gmt":"2023-11-13T12:24:39","guid":{"rendered":"https:\/\/baralivres.ma\/?post_type=product&#038;p=19832"},"modified":"2023-11-13T13:24:40","modified_gmt":"2023-11-13T12:24:40","slug":"choisir-sa-vie","status":"publish","type":"product","link":"https:\/\/baralivres.ma\/?product=choisir-sa-vie","title":{"rendered":"Choisir sa vie"},"content":{"rendered":"<p>Dans son exploration du bonheur, Tal Ben-Shahar souligne l&rsquo;importance des choix \u00e9clair\u00e9s. Avec des cours de bonheur \u00e0 Harvard et une renomm\u00e9e mondiale en psychologie positive, il propose 101 exp\u00e9riences pour d\u00e9couvrir comment orienter votre vie vers le bonheur, en s&rsquo;appuyant sur la recherche scientifique et des approches simples et ludiques.<\/p>\n<p>\u00ab\u00a0Tal Ben-Shahar, chantre de l&rsquo;optimisme et de l&rsquo;\u00e9nergie productive, galvanise les foules et les entreprises.\u00a0\u00bb &#8211; T\u00e9l\u00e9rama<\/p>\n","protected":false},"excerpt":{"rendered":"<p>Dans une qu\u00eate du bonheur, Tal Ben-Shahar offre 101 exp\u00e9riences pour guider vers des choix \u00e9clair\u00e9s.<\/p>\n","protected":false},"featured_media":19840,"comment_status":"open","ping_status":"closed","template":"","meta":{"inline_featured_image":false},"product_cat":[204,91],"product_tag":[],"class_list":{"0":"post-19832","1":"product","2":"type-product","3":"status-publish","4":"has-post-thumbnail","6":"product_cat-francais","7":"product_cat-developpement","8":"pa_auteurs-tal-ben-shahar","10":"first","11":"instock","12":"shipping-taxable","13":"purchasable","14":"product-type-simple"},"_links":{"self":[{"href":"https:\/\/baralivres.ma\/index.php?rest_route=\/wp\/v2\/product\/19832","targetHints":{"allow":["GET"]}}],"collection":[{"href":"https:\/\/baralivres.ma\/index.php?rest_route=\/wp\/v2\/product"}],"about":[{"href":"https:\/\/baralivres.ma\/index.php?rest_route=\/wp\/v2\/types\/product"}],"replies":[{"embeddable":true,"href":"https:\/\/baralivres.ma\/index.php?rest_route=%2Fwp%2Fv2%2Fcomments&post=19832"}],"version-history":[{"count":1,"href":"https:\/\/baralivres.ma\/index.php?rest_route=\/wp\/v2\/product\/19832\/revisions"}],"predecessor-version":[{"id":19841,"href":"https:\/\/baralivres.ma\/index.php?rest_route=\/wp\/v2\/product\/19832\/revisions\/19841"}],"wp:featuredmedia":[{"embeddable":true,"href":"https:\/\/baralivres.ma\/index.php?rest_route=\/wp\/v2\/media\/19840"}],"wp:attachment":[{"href":"https:\/\/baralivres.ma\/index.php?rest_route=%2Fwp%2Fv2%2Fmedia&parent=19832"}],"wp:term":[{"taxonomy":"product_cat","embeddable":true,"href":"https:\/\/baralivres.ma\/index.php?rest_route=%2Fwp%2Fv2%2Fproduct_cat&post=19832"},{"taxonomy":"product_tag","embeddable":true,"href":"https:\/\/baralivres.ma\/index.php?rest_route=%2Fwp%2Fv2%2Fproduct_tag&post=19832"}],"curies":[{"name":"wp","href":"https:\/\/api.w.org\/{rel}","templated":true}]}}