{"id":19818,"date":"2023-11-13T13:14:10","date_gmt":"2023-11-13T12:14:10","guid":{"rendered":"https:\/\/baralivres.ma\/?post_type=product&#038;p=19818"},"modified":"2023-11-13T13:14:11","modified_gmt":"2023-11-13T12:14:11","slug":"lapprentissage-du-bonheur","status":"publish","type":"product","link":"https:\/\/baralivres.ma\/?product=lapprentissage-du-bonheur","title":{"rendered":"L&rsquo;apprentissage du bonheur"},"content":{"rendered":"<p>Dans son ouvrage, Tal Ben-Shahar explore les concepts de bonheur \u00e0 travers des formules inattendues comme la \u00ab\u00a0th\u00e9orie du hamburger\u00a0\u00bb ou le \u00ab\u00a0principe des lasagnes\u00a0\u00bb. Il offre un manuel riche en cl\u00e9s, outils, et principes pour comprendre et cultiver le bonheur au quotidien. L&rsquo;auteur, qui a enseign\u00e9 la psychologie positive \u00e0 Harvard, partage des enseignements pratiques pour mieux profiter du moment pr\u00e9sent, adopter des rituels transformateurs, et vivre une vie \u00e9panouissante. Son approche d\u00e9complex\u00e9e et accessible offre des perspectives nouvelles sur le bonheur, invitant les lecteurs \u00e0 repenser leur rapport \u00e0 la vie pour une existence plus heureuse.<\/p>\n","protected":false},"excerpt":{"rendered":"<p>\u00ab\u00a0L&rsquo;Art de la Guerre\u00a0\u00bb de Sun Tzu appliqu\u00e9 aux femmes, Chin-Ning Chu d\u00e9voile des strat\u00e9gies pour r\u00e9ussir.<\/p>\n","protected":false},"featured_media":19830,"comment_status":"open","ping_status":"closed","template":"","meta":{"inline_featured_image":false},"product_cat":[204,91],"product_tag":[],"class_list":{"0":"post-19818","1":"product","2":"type-product","3":"status-publish","4":"has-post-thumbnail","6":"product_cat-francais","7":"product_cat-developpement","8":"pa_auteurs-tal-ben-shahar","10":"first","11":"instock","12":"shipping-taxable","13":"purchasable","14":"product-type-simple"},"_links":{"self":[{"href":"https:\/\/baralivres.ma\/index.php?rest_route=\/wp\/v2\/product\/19818","targetHints":{"allow":["GET"]}}],"collection":[{"href":"https:\/\/baralivres.ma\/index.php?rest_route=\/wp\/v2\/product"}],"about":[{"href":"https:\/\/baralivres.ma\/index.php?rest_route=\/wp\/v2\/types\/product"}],"replies":[{"embeddable":true,"href":"https:\/\/baralivres.ma\/index.php?rest_route=%2Fwp%2Fv2%2Fcomments&post=19818"}],"version-history":[{"count":1,"href":"https:\/\/baralivres.ma\/index.php?rest_route=\/wp\/v2\/product\/19818\/revisions"}],"predecessor-version":[{"id":19831,"href":"https:\/\/baralivres.ma\/index.php?rest_route=\/wp\/v2\/product\/19818\/revisions\/19831"}],"wp:featuredmedia":[{"embeddable":true,"href":"https:\/\/baralivres.ma\/index.php?rest_route=\/wp\/v2\/media\/19830"}],"wp:attachment":[{"href":"https:\/\/baralivres.ma\/index.php?rest_route=%2Fwp%2Fv2%2Fmedia&parent=19818"}],"wp:term":[{"taxonomy":"product_cat","embeddable":true,"href":"https:\/\/baralivres.ma\/index.php?rest_route=%2Fwp%2Fv2%2Fproduct_cat&post=19818"},{"taxonomy":"product_tag","embeddable":true,"href":"https:\/\/baralivres.ma\/index.php?rest_route=%2Fwp%2Fv2%2Fproduct_tag&post=19818"}],"curies":[{"name":"wp","href":"https:\/\/api.w.org\/{rel}","templated":true}]}}