{"id":19817,"date":"2023-11-13T12:59:35","date_gmt":"2023-11-13T11:59:35","guid":{"rendered":"https:\/\/baralivres.ma\/?post_type=product&#038;p=19817"},"modified":"2024-11-18T13:49:24","modified_gmt":"2024-11-18T12:49:24","slug":"poil-de-carotte","status":"publish","type":"product","link":"https:\/\/baralivres.ma\/?product=poil-de-carotte","title":{"rendered":"Poil de Carotte"},"content":{"rendered":"<p>Le benjamin de la famille, Poil de Carotte, endure les brimades de sa m\u00e8re. Aucune corv\u00e9e, gifle ou humiliation ne lui est \u00e9pargn\u00e9e. Heureusement, la vie de Poil de Carotte comporte \u00e9galement des moments heureux, tels que l&rsquo;interaction avec la nature, les jeux avec son grand-fr\u00e8re F\u00e9lix, et les parties de p\u00eache avec son parrain.<\/p>\n","protected":false},"excerpt":{"rendered":"<p>Poil de Carotte, maltrait\u00e9 par sa m\u00e8re, trouve r\u00e9confort dans la nature, jeux avec F\u00e9lix, p\u00eache avec parrain.<\/p>\n","protected":false},"featured_media":19820,"comment_status":"open","ping_status":"closed","template":"","meta":{"inline_featured_image":false},"product_cat":[203,204],"product_tag":[],"class_list":{"0":"post-19817","1":"product","2":"type-product","3":"status-publish","4":"has-post-thumbnail","6":"product_cat-adolescente","7":"product_cat-francais","8":"pa_auteurs-jules-renard","10":"first","11":"instock","12":"shipping-taxable","13":"purchasable","14":"product-type-simple"},"_links":{"self":[{"href":"https:\/\/baralivres.ma\/index.php?rest_route=\/wp\/v2\/product\/19817","targetHints":{"allow":["GET"]}}],"collection":[{"href":"https:\/\/baralivres.ma\/index.php?rest_route=\/wp\/v2\/product"}],"about":[{"href":"https:\/\/baralivres.ma\/index.php?rest_route=\/wp\/v2\/types\/product"}],"replies":[{"embeddable":true,"href":"https:\/\/baralivres.ma\/index.php?rest_route=%2Fwp%2Fv2%2Fcomments&post=19817"}],"version-history":[{"count":1,"href":"https:\/\/baralivres.ma\/index.php?rest_route=\/wp\/v2\/product\/19817\/revisions"}],"predecessor-version":[{"id":19821,"href":"https:\/\/baralivres.ma\/index.php?rest_route=\/wp\/v2\/product\/19817\/revisions\/19821"}],"wp:featuredmedia":[{"embeddable":true,"href":"https:\/\/baralivres.ma\/index.php?rest_route=\/wp\/v2\/media\/19820"}],"wp:attachment":[{"href":"https:\/\/baralivres.ma\/index.php?rest_route=%2Fwp%2Fv2%2Fmedia&parent=19817"}],"wp:term":[{"taxonomy":"product_cat","embeddable":true,"href":"https:\/\/baralivres.ma\/index.php?rest_route=%2Fwp%2Fv2%2Fproduct_cat&post=19817"},{"taxonomy":"product_tag","embeddable":true,"href":"https:\/\/baralivres.ma\/index.php?rest_route=%2Fwp%2Fv2%2Fproduct_tag&post=19817"}],"curies":[{"name":"wp","href":"https:\/\/api.w.org\/{rel}","templated":true}]}}