{"id":19812,"date":"2023-11-13T12:55:42","date_gmt":"2023-11-13T11:55:42","guid":{"rendered":"https:\/\/baralivres.ma\/?post_type=product&#038;p=19812"},"modified":"2024-11-18T13:49:40","modified_gmt":"2024-11-18T12:49:40","slug":"yvain-ou-le-chevalier-au-lion","status":"publish","type":"product","link":"https:\/\/baralivres.ma\/?product=yvain-ou-le-chevalier-au-lion","title":{"rendered":"Yvain ou Le Chevalier au lion"},"content":{"rendered":"<p>Afin de venger son cousin, Yvain, le courageux chevalier, se confronte au redoutable gardien d&rsquo;une fontaine ensorcel\u00e9e. Triomphant de son adversaire, il s&rsquo;\u00e9prend de la veuve de celui-ci, la magnifique Laudine, qu&rsquo;il \u00e9pouse. Cependant, avide d&rsquo;exploits, Yvain se lance \u00e0 nouveau dans des aventures, accompagn\u00e9 d&rsquo;un lion qu&rsquo;il a jadis sauv\u00e9. Il a jur\u00e9 de revenir dans un d\u00e9lai d&rsquo;un an et un jour. Parviendra-t-il \u00e0 tenir sa promesse ?<\/p>\n","protected":false},"excerpt":{"rendered":"<p>Yvain, chevalier victorieux, \u00e9pouse Laudine, puis part en qu\u00eate d&rsquo;exploits, promettant un retour incertain.<\/p>\n","protected":false},"featured_media":19814,"comment_status":"open","ping_status":"closed","template":"","meta":{"inline_featured_image":false},"product_cat":[203,204],"product_tag":[],"class_list":{"0":"post-19812","1":"product","2":"type-product","3":"status-publish","4":"has-post-thumbnail","6":"product_cat-adolescente","7":"product_cat-francais","8":"pa_auteurs-chretien-de-troyes","10":"first","11":"instock","12":"shipping-taxable","13":"purchasable","14":"product-type-simple"},"_links":{"self":[{"href":"https:\/\/baralivres.ma\/index.php?rest_route=\/wp\/v2\/product\/19812","targetHints":{"allow":["GET"]}}],"collection":[{"href":"https:\/\/baralivres.ma\/index.php?rest_route=\/wp\/v2\/product"}],"about":[{"href":"https:\/\/baralivres.ma\/index.php?rest_route=\/wp\/v2\/types\/product"}],"replies":[{"embeddable":true,"href":"https:\/\/baralivres.ma\/index.php?rest_route=%2Fwp%2Fv2%2Fcomments&post=19812"}],"version-history":[{"count":1,"href":"https:\/\/baralivres.ma\/index.php?rest_route=\/wp\/v2\/product\/19812\/revisions"}],"predecessor-version":[{"id":19816,"href":"https:\/\/baralivres.ma\/index.php?rest_route=\/wp\/v2\/product\/19812\/revisions\/19816"}],"wp:featuredmedia":[{"embeddable":true,"href":"https:\/\/baralivres.ma\/index.php?rest_route=\/wp\/v2\/media\/19814"}],"wp:attachment":[{"href":"https:\/\/baralivres.ma\/index.php?rest_route=%2Fwp%2Fv2%2Fmedia&parent=19812"}],"wp:term":[{"taxonomy":"product_cat","embeddable":true,"href":"https:\/\/baralivres.ma\/index.php?rest_route=%2Fwp%2Fv2%2Fproduct_cat&post=19812"},{"taxonomy":"product_tag","embeddable":true,"href":"https:\/\/baralivres.ma\/index.php?rest_route=%2Fwp%2Fv2%2Fproduct_tag&post=19812"}],"curies":[{"name":"wp","href":"https:\/\/api.w.org\/{rel}","templated":true}]}}