{"id":19809,"date":"2023-11-13T12:55:27","date_gmt":"2023-11-13T11:55:27","guid":{"rendered":"https:\/\/baralivres.ma\/?post_type=product&#038;p=19809"},"modified":"2023-11-13T12:58:02","modified_gmt":"2023-11-13T11:58:02","slug":"comment-passer-une-bonne-journee-au-travail","status":"publish","type":"product","link":"https:\/\/baralivres.ma\/?product=comment-passer-une-bonne-journee-au-travail","title":{"rendered":"Comment passer une bonne journ\u00e9e au travail"},"content":{"rendered":"<p>Caroline Webb, coach en entreprise, propose une m\u00e9thode efficace pour am\u00e9liorer la bonne humeur, la gestion des priorit\u00e9s et des relations professionnelles. Inspir\u00e9e des sciences cognitives et comportementales, l&rsquo;auteure partage des astuces pour surmonter les d\u00e9fis quotidiens au travail, des avalanches d&rsquo;e-mails aux r\u00e9unions interminables. Un guide pratique pour \u00eatre plus heureux au bureau.<\/p>\n","protected":false},"excerpt":{"rendered":"<p>Guide pratique de Caroline Webb pour optimiser la journ\u00e9e au travail gr\u00e2ce \u00e0 des astuces efficaces.<\/p>\n","protected":false},"featured_media":19813,"comment_status":"open","ping_status":"closed","template":"","meta":{"inline_featured_image":false},"product_cat":[204,91],"product_tag":[],"class_list":{"0":"post-19809","1":"product","2":"type-product","3":"status-publish","4":"has-post-thumbnail","6":"product_cat-francais","7":"product_cat-developpement","8":"pa_auteurs-caroline-webb","10":"first","11":"instock","12":"shipping-taxable","13":"purchasable","14":"product-type-simple"},"_links":{"self":[{"href":"https:\/\/baralivres.ma\/index.php?rest_route=\/wp\/v2\/product\/19809","targetHints":{"allow":["GET"]}}],"collection":[{"href":"https:\/\/baralivres.ma\/index.php?rest_route=\/wp\/v2\/product"}],"about":[{"href":"https:\/\/baralivres.ma\/index.php?rest_route=\/wp\/v2\/types\/product"}],"replies":[{"embeddable":true,"href":"https:\/\/baralivres.ma\/index.php?rest_route=%2Fwp%2Fv2%2Fcomments&post=19809"}],"version-history":[{"count":1,"href":"https:\/\/baralivres.ma\/index.php?rest_route=\/wp\/v2\/product\/19809\/revisions"}],"predecessor-version":[{"id":19815,"href":"https:\/\/baralivres.ma\/index.php?rest_route=\/wp\/v2\/product\/19809\/revisions\/19815"}],"wp:featuredmedia":[{"embeddable":true,"href":"https:\/\/baralivres.ma\/index.php?rest_route=\/wp\/v2\/media\/19813"}],"wp:attachment":[{"href":"https:\/\/baralivres.ma\/index.php?rest_route=%2Fwp%2Fv2%2Fmedia&parent=19809"}],"wp:term":[{"taxonomy":"product_cat","embeddable":true,"href":"https:\/\/baralivres.ma\/index.php?rest_route=%2Fwp%2Fv2%2Fproduct_cat&post=19809"},{"taxonomy":"product_tag","embeddable":true,"href":"https:\/\/baralivres.ma\/index.php?rest_route=%2Fwp%2Fv2%2Fproduct_tag&post=19809"}],"curies":[{"name":"wp","href":"https:\/\/api.w.org\/{rel}","templated":true}]}}