{"id":19799,"date":"2023-11-13T12:26:19","date_gmt":"2023-11-13T11:26:19","guid":{"rendered":"https:\/\/baralivres.ma\/?post_type=product&#038;p=19799"},"modified":"2023-11-13T12:29:37","modified_gmt":"2023-11-13T11:29:37","slug":"le-corps-noublie-rien","status":"publish","type":"product","link":"https:\/\/baralivres.ma\/?product=le-corps-noublie-rien","title":{"rendered":"Le Corps n&rsquo;oublie rien"},"content":{"rendered":"<p>Bessel van der Kolk, psychiatre \u00e9m\u00e9rite et sp\u00e9cialiste du syndrome de stress post-traumatique, expose de mani\u00e8re scientifique les impacts des traumatismes. Il d\u00e9mystifie les m\u00e9canismes c\u00e9r\u00e9braux li\u00e9s aux violences et au stress post-traumatique, offrant des approches scientifiquement valid\u00e9es pour la gu\u00e9rison. Traduit dans de nombreuses langues, cet ouvrage guide des millions de personnes \u00e0 travers le processus de r\u00e9cup\u00e9ration.<\/p>\n","protected":false},"excerpt":{"rendered":"<p>Le psychiatre Bessel van der Kolk, expert en stress post-traumatique, explore scientifiquement les cons\u00e9quences des traumatismes, d\u00e9taillant les m\u00e9canismes c\u00e9r\u00e9braux et proposant des techniques \u00e9prouv\u00e9es pour gu\u00e9rir.<\/p>\n","protected":false},"featured_media":19800,"comment_status":"open","ping_status":"closed","template":"","meta":{"inline_featured_image":false},"product_cat":[204,91],"product_tag":[],"class_list":{"0":"post-19799","1":"product","2":"type-product","3":"status-publish","4":"has-post-thumbnail","6":"product_cat-francais","7":"product_cat-developpement","8":"pa_auteurs-bessel-a-van-der-kolk","10":"first","11":"instock","12":"shipping-taxable","13":"purchasable","14":"product-type-simple"},"_links":{"self":[{"href":"https:\/\/baralivres.ma\/index.php?rest_route=\/wp\/v2\/product\/19799","targetHints":{"allow":["GET"]}}],"collection":[{"href":"https:\/\/baralivres.ma\/index.php?rest_route=\/wp\/v2\/product"}],"about":[{"href":"https:\/\/baralivres.ma\/index.php?rest_route=\/wp\/v2\/types\/product"}],"replies":[{"embeddable":true,"href":"https:\/\/baralivres.ma\/index.php?rest_route=%2Fwp%2Fv2%2Fcomments&post=19799"}],"version-history":[{"count":1,"href":"https:\/\/baralivres.ma\/index.php?rest_route=\/wp\/v2\/product\/19799\/revisions"}],"predecessor-version":[{"id":19801,"href":"https:\/\/baralivres.ma\/index.php?rest_route=\/wp\/v2\/product\/19799\/revisions\/19801"}],"wp:featuredmedia":[{"embeddable":true,"href":"https:\/\/baralivres.ma\/index.php?rest_route=\/wp\/v2\/media\/19800"}],"wp:attachment":[{"href":"https:\/\/baralivres.ma\/index.php?rest_route=%2Fwp%2Fv2%2Fmedia&parent=19799"}],"wp:term":[{"taxonomy":"product_cat","embeddable":true,"href":"https:\/\/baralivres.ma\/index.php?rest_route=%2Fwp%2Fv2%2Fproduct_cat&post=19799"},{"taxonomy":"product_tag","embeddable":true,"href":"https:\/\/baralivres.ma\/index.php?rest_route=%2Fwp%2Fv2%2Fproduct_tag&post=19799"}],"curies":[{"name":"wp","href":"https:\/\/api.w.org\/{rel}","templated":true}]}}