{"id":19793,"date":"2023-11-13T12:17:45","date_gmt":"2023-11-13T11:17:45","guid":{"rendered":"https:\/\/baralivres.ma\/?post_type=product&#038;p=19793"},"modified":"2023-11-13T12:17:46","modified_gmt":"2023-11-13T11:17:46","slug":"la-rencontre-une-philosophie","status":"publish","type":"product","link":"https:\/\/baralivres.ma\/?product=la-rencontre-une-philosophie","title":{"rendered":"La Rencontre, une philosophie"},"content":{"rendered":"<p>Charles P\u00e9pin explore la puissance et la gr\u00e2ce des rencontres, soulignant que celles-ci ne sont pas un simple ajout \u00e0 nos vies, mais au c\u0153ur m\u00eame de notre existence. De Platon \u00e0 Christian Bobin, en passant par Albert Cohen et George Sand, il convoque philosophes, romanciers et cin\u00e9astes pour illustrer la profondeur des rencontres. En analysant des relations fertiles comme Picasso et \u00c9luard, David Bowie et Lou Reed, ou Voltaire et \u00c9milie du Ch\u00e2telet, il d\u00e9montre que chaque v\u00e9ritable rencontre est une d\u00e9couverte de soi et une red\u00e9couverte du monde. Une philosophie essentielle dans notre \u00e8re de repli sur soi.<\/p>\n","protected":false},"excerpt":{"rendered":"<p>Charles P\u00e9pin explore la puissance des rencontres, soulignant qu&rsquo;elles sont au c\u0153ur de notre existence.<\/p>\n","protected":false},"featured_media":19794,"comment_status":"open","ping_status":"closed","template":"","meta":{"inline_featured_image":false},"product_cat":[204,91],"product_tag":[],"class_list":{"0":"post-19793","1":"product","2":"type-product","3":"status-publish","4":"has-post-thumbnail","6":"product_cat-francais","7":"product_cat-developpement","8":"pa_auteurs-charles-pepin-2","10":"first","11":"instock","12":"shipping-taxable","13":"purchasable","14":"product-type-simple"},"_links":{"self":[{"href":"https:\/\/baralivres.ma\/index.php?rest_route=\/wp\/v2\/product\/19793","targetHints":{"allow":["GET"]}}],"collection":[{"href":"https:\/\/baralivres.ma\/index.php?rest_route=\/wp\/v2\/product"}],"about":[{"href":"https:\/\/baralivres.ma\/index.php?rest_route=\/wp\/v2\/types\/product"}],"replies":[{"embeddable":true,"href":"https:\/\/baralivres.ma\/index.php?rest_route=%2Fwp%2Fv2%2Fcomments&post=19793"}],"version-history":[{"count":1,"href":"https:\/\/baralivres.ma\/index.php?rest_route=\/wp\/v2\/product\/19793\/revisions"}],"predecessor-version":[{"id":19795,"href":"https:\/\/baralivres.ma\/index.php?rest_route=\/wp\/v2\/product\/19793\/revisions\/19795"}],"wp:featuredmedia":[{"embeddable":true,"href":"https:\/\/baralivres.ma\/index.php?rest_route=\/wp\/v2\/media\/19794"}],"wp:attachment":[{"href":"https:\/\/baralivres.ma\/index.php?rest_route=%2Fwp%2Fv2%2Fmedia&parent=19793"}],"wp:term":[{"taxonomy":"product_cat","embeddable":true,"href":"https:\/\/baralivres.ma\/index.php?rest_route=%2Fwp%2Fv2%2Fproduct_cat&post=19793"},{"taxonomy":"product_tag","embeddable":true,"href":"https:\/\/baralivres.ma\/index.php?rest_route=%2Fwp%2Fv2%2Fproduct_tag&post=19793"}],"curies":[{"name":"wp","href":"https:\/\/api.w.org\/{rel}","templated":true}]}}