{"id":19789,"date":"2023-11-13T12:51:12","date_gmt":"2023-11-13T11:51:12","guid":{"rendered":"https:\/\/baralivres.ma\/?post_type=product&#038;p=19789"},"modified":"2024-11-18T13:49:59","modified_gmt":"2024-11-18T12:49:59","slug":"papa-longues-jambes","status":"publish","type":"product","link":"https:\/\/baralivres.ma\/?product=papa-longues-jambes","title":{"rendered":"Papa-Longues-Jambes"},"content":{"rendered":"<p>\u00ab\u00a0Une proposition inattendue vient bouleverser la vie de Jerusha Abbott, une jeune orpheline \u00e9lev\u00e9e dans un foyer respectable mais monotone. Un bienfaiteur anonyme offre de financer ses \u00e9tudes universitaires en \u00e9change de lettres mensuelles d\u00e9taillant sa vie et ses progr\u00e8s acad\u00e9miques. Acceptant avec enthousiasme, Jerusha se plie aux exigences de son myst\u00e9rieux bienfaiteur, qu&rsquo;elle affectueusement surnomme Papa-Longues-Jambes.\u00a0\u00bb<\/p>\n","protected":false},"excerpt":{"rendered":"<p>Jerusha Abbott, orpheline, accepte une offre anonyme pour des \u00e9tudes universitaires en \u00e9change de lettres mensuelles.<\/p>\n","protected":false},"featured_media":19810,"comment_status":"open","ping_status":"closed","template":"","meta":{"inline_featured_image":false},"product_cat":[203,204],"product_tag":[],"class_list":{"0":"post-19789","1":"product","2":"type-product","3":"status-publish","4":"has-post-thumbnail","6":"product_cat-adolescente","7":"product_cat-francais","8":"pa_auteurs-webster-jean","10":"first","11":"instock","12":"shipping-taxable","13":"purchasable","14":"product-type-simple"},"_links":{"self":[{"href":"https:\/\/baralivres.ma\/index.php?rest_route=\/wp\/v2\/product\/19789","targetHints":{"allow":["GET"]}}],"collection":[{"href":"https:\/\/baralivres.ma\/index.php?rest_route=\/wp\/v2\/product"}],"about":[{"href":"https:\/\/baralivres.ma\/index.php?rest_route=\/wp\/v2\/types\/product"}],"replies":[{"embeddable":true,"href":"https:\/\/baralivres.ma\/index.php?rest_route=%2Fwp%2Fv2%2Fcomments&post=19789"}],"version-history":[{"count":1,"href":"https:\/\/baralivres.ma\/index.php?rest_route=\/wp\/v2\/product\/19789\/revisions"}],"predecessor-version":[{"id":19811,"href":"https:\/\/baralivres.ma\/index.php?rest_route=\/wp\/v2\/product\/19789\/revisions\/19811"}],"wp:featuredmedia":[{"embeddable":true,"href":"https:\/\/baralivres.ma\/index.php?rest_route=\/wp\/v2\/media\/19810"}],"wp:attachment":[{"href":"https:\/\/baralivres.ma\/index.php?rest_route=%2Fwp%2Fv2%2Fmedia&parent=19789"}],"wp:term":[{"taxonomy":"product_cat","embeddable":true,"href":"https:\/\/baralivres.ma\/index.php?rest_route=%2Fwp%2Fv2%2Fproduct_cat&post=19789"},{"taxonomy":"product_tag","embeddable":true,"href":"https:\/\/baralivres.ma\/index.php?rest_route=%2Fwp%2Fv2%2Fproduct_tag&post=19789"}],"curies":[{"name":"wp","href":"https:\/\/api.w.org\/{rel}","templated":true}]}}