{"id":19777,"date":"2023-11-13T12:01:27","date_gmt":"2023-11-13T11:01:27","guid":{"rendered":"https:\/\/baralivres.ma\/?post_type=product&#038;p=19777"},"modified":"2024-11-18T13:50:51","modified_gmt":"2024-11-18T12:50:51","slug":"la-philo-expliquee-aux-enfants","status":"publish","type":"product","link":"https:\/\/baralivres.ma\/?product=la-philo-expliquee-aux-enfants","title":{"rendered":"La philo expliqu\u00e9e aux enfants"},"content":{"rendered":"<p>Tahar Ben Jelloun propose une exploration des concepts fondamentaux de la philosophie, tels que l&rsquo;amiti\u00e9, l&rsquo;imagination, l&rsquo;\u00e9galit\u00e9 et le racisme, encourageant les lecteurs, m\u00eame d\u00e8s le coll\u00e8ge, \u00e0 s&rsquo;engager dans une r\u00e9flexion approfondie. \u00c0 travers cette le\u00e7on de sagesse \u00e9clairante et indispensable, l&rsquo;auteur souligne l&rsquo;importance d&rsquo;acqu\u00e9rir une compr\u00e9hension plus profonde de notre relation avec nous-m\u00eames, les autres et notre plan\u00e8te, offrant ainsi une perspective pr\u00e9cieuse dans un monde de plus en plus complexe.<\/p>\n","protected":false},"excerpt":{"rendered":"<p>Ben Jelloun explore amiti\u00e9, imagination, \u00e9galit\u00e9, racisme, invitant jeunes \u00e0 pens\u00e9e philosophique pour comprendre monde complexe.<\/p>\n","protected":false},"featured_media":19779,"comment_status":"open","ping_status":"closed","template":"","meta":{"inline_featured_image":false},"product_cat":[203,204],"product_tag":[],"class_list":{"0":"post-19777","1":"product","2":"type-product","3":"status-publish","4":"has-post-thumbnail","6":"product_cat-adolescente","7":"product_cat-francais","8":"pa_auteurs-tahar-ben-jelloun","10":"first","11":"instock","12":"shipping-taxable","13":"purchasable","14":"product-type-simple"},"_links":{"self":[{"href":"https:\/\/baralivres.ma\/index.php?rest_route=\/wp\/v2\/product\/19777","targetHints":{"allow":["GET"]}}],"collection":[{"href":"https:\/\/baralivres.ma\/index.php?rest_route=\/wp\/v2\/product"}],"about":[{"href":"https:\/\/baralivres.ma\/index.php?rest_route=\/wp\/v2\/types\/product"}],"replies":[{"embeddable":true,"href":"https:\/\/baralivres.ma\/index.php?rest_route=%2Fwp%2Fv2%2Fcomments&post=19777"}],"version-history":[{"count":1,"href":"https:\/\/baralivres.ma\/index.php?rest_route=\/wp\/v2\/product\/19777\/revisions"}],"predecessor-version":[{"id":19780,"href":"https:\/\/baralivres.ma\/index.php?rest_route=\/wp\/v2\/product\/19777\/revisions\/19780"}],"wp:featuredmedia":[{"embeddable":true,"href":"https:\/\/baralivres.ma\/index.php?rest_route=\/wp\/v2\/media\/19779"}],"wp:attachment":[{"href":"https:\/\/baralivres.ma\/index.php?rest_route=%2Fwp%2Fv2%2Fmedia&parent=19777"}],"wp:term":[{"taxonomy":"product_cat","embeddable":true,"href":"https:\/\/baralivres.ma\/index.php?rest_route=%2Fwp%2Fv2%2Fproduct_cat&post=19777"},{"taxonomy":"product_tag","embeddable":true,"href":"https:\/\/baralivres.ma\/index.php?rest_route=%2Fwp%2Fv2%2Fproduct_tag&post=19777"}],"curies":[{"name":"wp","href":"https:\/\/api.w.org\/{rel}","templated":true}]}}