{"id":19772,"date":"2023-11-13T11:59:14","date_gmt":"2023-11-13T10:59:14","guid":{"rendered":"https:\/\/baralivres.ma\/?post_type=product&#038;p=19772"},"modified":"2024-11-27T17:45:09","modified_gmt":"2024-11-27T16:45:09","slug":"lenfant-qui-parlait-aux-animaux","status":"publish","type":"product","link":"https:\/\/baralivres.ma\/?product=lenfant-qui-parlait-aux-animaux","title":{"rendered":"L&rsquo;enfant qui parlait aux animaux"},"content":{"rendered":"<p>Willy, originaire de Jama\u00efque, ressent une immense fiert\u00e9 apr\u00e8s avoir captur\u00e9 une tortue g\u00e9ante. La cr\u00e9ature, renvers\u00e9e sur le dos, lutte pour sa vie en agitant maladroitement ses nageoires, tandis que des touristes observent la sc\u00e8ne avec des rires insouciants. Seule une voix enfantine, empreinte d&rsquo;indignation, se fait entendre, portant en elle la v\u00e9ritable bravoure d&rsquo;un jeune gar\u00e7on d\u00e9termin\u00e9.<\/p>\n","protected":false},"excerpt":{"rendered":"<p>Willy, fier apr\u00e8s p\u00eache d&rsquo;une tortue g\u00e9ante, touristes rient, seule voix enfantine indign\u00e9e r\u00e9sonne courageusement.<\/p>\n","protected":false},"featured_media":19775,"comment_status":"open","ping_status":"closed","template":"","meta":{"inline_featured_image":false},"product_cat":[4021,4022,203,204],"product_tag":[],"class_list":{"0":"post-19772","1":"product","2":"type-product","3":"status-publish","4":"has-post-thumbnail","6":"product_cat-collection_roald_dahl","7":"product_cat-francais-collection_roald_dahl","8":"product_cat-adolescente","9":"product_cat-francais","10":"pa_auteurs-roald-dahl","12":"first","13":"instock","14":"shipping-taxable","15":"purchasable","16":"product-type-simple"},"_links":{"self":[{"href":"https:\/\/baralivres.ma\/index.php?rest_route=\/wp\/v2\/product\/19772","targetHints":{"allow":["GET"]}}],"collection":[{"href":"https:\/\/baralivres.ma\/index.php?rest_route=\/wp\/v2\/product"}],"about":[{"href":"https:\/\/baralivres.ma\/index.php?rest_route=\/wp\/v2\/types\/product"}],"replies":[{"embeddable":true,"href":"https:\/\/baralivres.ma\/index.php?rest_route=%2Fwp%2Fv2%2Fcomments&post=19772"}],"version-history":[{"count":1,"href":"https:\/\/baralivres.ma\/index.php?rest_route=\/wp\/v2\/product\/19772\/revisions"}],"predecessor-version":[{"id":19776,"href":"https:\/\/baralivres.ma\/index.php?rest_route=\/wp\/v2\/product\/19772\/revisions\/19776"}],"wp:featuredmedia":[{"embeddable":true,"href":"https:\/\/baralivres.ma\/index.php?rest_route=\/wp\/v2\/media\/19775"}],"wp:attachment":[{"href":"https:\/\/baralivres.ma\/index.php?rest_route=%2Fwp%2Fv2%2Fmedia&parent=19772"}],"wp:term":[{"taxonomy":"product_cat","embeddable":true,"href":"https:\/\/baralivres.ma\/index.php?rest_route=%2Fwp%2Fv2%2Fproduct_cat&post=19772"},{"taxonomy":"product_tag","embeddable":true,"href":"https:\/\/baralivres.ma\/index.php?rest_route=%2Fwp%2Fv2%2Fproduct_tag&post=19772"}],"curies":[{"name":"wp","href":"https:\/\/api.w.org\/{rel}","templated":true}]}}