{"id":19769,"date":"2023-11-13T11:57:08","date_gmt":"2023-11-13T10:57:08","guid":{"rendered":"https:\/\/baralivres.ma\/?post_type=product&#038;p=19769"},"modified":"2024-11-18T14:15:20","modified_gmt":"2024-11-18T13:15:20","slug":"james-et-la-grosse-peche","status":"publish","type":"product","link":"https:\/\/baralivres.ma\/?product=james-et-la-grosse-peche","title":{"rendered":"James et la grosse p\u00eache"},"content":{"rendered":"<p>\u00ab\u00a0La p\u00eache commen\u00e7a \u00e0 prendre de l&rsquo;ampleur, de plus en plus. Elle continua \u00e0 grandir et grandir, devenant de plus en plus \u00c9NORME.\u00a0\u00bb James Henry Trotter cohabite avec deux sorci\u00e8res affreuses. Tante \u00c9ponge est gigantesque, avec un visage qui semble avoir subi un bouillonnement. Tante Piquette, quant \u00e0 elle, est maigre et anguleuse. James se sent seul jusqu&rsquo;\u00e0 ce qu&rsquo;un \u00e9v\u00e9nement inhabituel survienne. Au bout du jardin, une p\u00eache commence \u00e0 gonfler de mani\u00e8re exponentielle. \u00c0 l&rsquo;int\u00e9rieur, vivent sept insectes tr\u00e8s particuliers qui n&rsquo;attendent que James pour une aventure magique ! Mais o\u00f9 les conduira cette p\u00eache g\u00e9ante, et que se passera-t-il si les horribles tantes se mettent en travers de leur chemin ? La seule fa\u00e7on de le d\u00e9couvrir est de plonger dans cette histoire.<\/p>\n","protected":false},"excerpt":{"rendered":"<p>James vit avec deux tantes horribles. Une p\u00eache g\u00e9ante appara\u00eet, abritant sept insectes pour une aventure magique.<\/p>\n","protected":false},"featured_media":19770,"comment_status":"open","ping_status":"closed","template":"","meta":{"inline_featured_image":false},"product_cat":[4021,4022,203,204],"product_tag":[],"class_list":{"0":"post-19769","1":"product","2":"type-product","3":"status-publish","4":"has-post-thumbnail","6":"product_cat-collection_roald_dahl","7":"product_cat-francais-collection_roald_dahl","8":"product_cat-adolescente","9":"product_cat-francais","10":"pa_auteurs-roald-dahl","12":"first","13":"instock","14":"shipping-taxable","15":"purchasable","16":"product-type-simple"},"_links":{"self":[{"href":"https:\/\/baralivres.ma\/index.php?rest_route=\/wp\/v2\/product\/19769","targetHints":{"allow":["GET"]}}],"collection":[{"href":"https:\/\/baralivres.ma\/index.php?rest_route=\/wp\/v2\/product"}],"about":[{"href":"https:\/\/baralivres.ma\/index.php?rest_route=\/wp\/v2\/types\/product"}],"replies":[{"embeddable":true,"href":"https:\/\/baralivres.ma\/index.php?rest_route=%2Fwp%2Fv2%2Fcomments&post=19769"}],"version-history":[{"count":1,"href":"https:\/\/baralivres.ma\/index.php?rest_route=\/wp\/v2\/product\/19769\/revisions"}],"predecessor-version":[{"id":19771,"href":"https:\/\/baralivres.ma\/index.php?rest_route=\/wp\/v2\/product\/19769\/revisions\/19771"}],"wp:featuredmedia":[{"embeddable":true,"href":"https:\/\/baralivres.ma\/index.php?rest_route=\/wp\/v2\/media\/19770"}],"wp:attachment":[{"href":"https:\/\/baralivres.ma\/index.php?rest_route=%2Fwp%2Fv2%2Fmedia&parent=19769"}],"wp:term":[{"taxonomy":"product_cat","embeddable":true,"href":"https:\/\/baralivres.ma\/index.php?rest_route=%2Fwp%2Fv2%2Fproduct_cat&post=19769"},{"taxonomy":"product_tag","embeddable":true,"href":"https:\/\/baralivres.ma\/index.php?rest_route=%2Fwp%2Fv2%2Fproduct_tag&post=19769"}],"curies":[{"name":"wp","href":"https:\/\/api.w.org\/{rel}","templated":true}]}}