{"id":19760,"date":"2023-11-13T11:52:47","date_gmt":"2023-11-13T10:52:47","guid":{"rendered":"https:\/\/baralivres.ma\/?post_type=product&#038;p=19760"},"modified":"2024-11-18T14:16:09","modified_gmt":"2024-11-18T13:16:09","slug":"sacrees-sorcieres-sacrees-sorcieres","status":"publish","type":"product","link":"https:\/\/baralivres.ma\/?product=sacrees-sorcieres-sacrees-sorcieres","title":{"rendered":"Sacr\u00e9es Sorci\u00e8res &#8211; : Sacr\u00e9es sorci\u00e8res"},"content":{"rendered":"<p>\u00ab\u00a0Chaque semaine, un enfant, soit un total de cinquante-deux par an, dispara\u00eet. Un simple geste, un tour de moulinette, et voil\u00e0, plus d&rsquo;enfant ! Attention : les authentiques sorci\u00e8res ne portent pas de tenues excentriques, elles se fondent dans la masse. Pourtant, leur nature est tout sauf ordinaire. Elles consacrent leur temps \u00e0 \u00e9laborer des plans machiav\u00e9liques et nourrissent une aversion particuli\u00e8re envers les enfants. La redoutable Grande Sorci\u00e8re les d\u00e9teste par-dessus tout et projette de les faire tous dispara\u00eetre. Seul un gar\u00e7on et sa grand-m\u00e8re peuvent l&#8217;emp\u00eacher, mais en cas d&rsquo;\u00e9chec de leur plan, la Grande Sorci\u00e8re envisage de les traiter comme des frites \u00e0 faire frire.\u00a0\u00bb<\/p>\n","protected":false},"excerpt":{"rendered":"<p>Enfants disparaissent chaque semaine, la Grande Sorci\u00e8re les d\u00e9teste, gar\u00e7on et grand-m\u00e8re doivent agir.<\/p>\n","protected":false},"featured_media":19761,"comment_status":"open","ping_status":"closed","template":"","meta":{"inline_featured_image":false},"product_cat":[4021,4022,203,204],"product_tag":[],"class_list":{"0":"post-19760","1":"product","2":"type-product","3":"status-publish","4":"has-post-thumbnail","6":"product_cat-collection_roald_dahl","7":"product_cat-francais-collection_roald_dahl","8":"product_cat-adolescente","9":"product_cat-francais","10":"pa_auteurs-roald-dahl","12":"first","13":"instock","14":"shipping-taxable","15":"purchasable","16":"product-type-simple"},"_links":{"self":[{"href":"https:\/\/baralivres.ma\/index.php?rest_route=\/wp\/v2\/product\/19760","targetHints":{"allow":["GET"]}}],"collection":[{"href":"https:\/\/baralivres.ma\/index.php?rest_route=\/wp\/v2\/product"}],"about":[{"href":"https:\/\/baralivres.ma\/index.php?rest_route=\/wp\/v2\/types\/product"}],"replies":[{"embeddable":true,"href":"https:\/\/baralivres.ma\/index.php?rest_route=%2Fwp%2Fv2%2Fcomments&post=19760"}],"version-history":[{"count":1,"href":"https:\/\/baralivres.ma\/index.php?rest_route=\/wp\/v2\/product\/19760\/revisions"}],"predecessor-version":[{"id":19762,"href":"https:\/\/baralivres.ma\/index.php?rest_route=\/wp\/v2\/product\/19760\/revisions\/19762"}],"wp:featuredmedia":[{"embeddable":true,"href":"https:\/\/baralivres.ma\/index.php?rest_route=\/wp\/v2\/media\/19761"}],"wp:attachment":[{"href":"https:\/\/baralivres.ma\/index.php?rest_route=%2Fwp%2Fv2%2Fmedia&parent=19760"}],"wp:term":[{"taxonomy":"product_cat","embeddable":true,"href":"https:\/\/baralivres.ma\/index.php?rest_route=%2Fwp%2Fv2%2Fproduct_cat&post=19760"},{"taxonomy":"product_tag","embeddable":true,"href":"https:\/\/baralivres.ma\/index.php?rest_route=%2Fwp%2Fv2%2Fproduct_tag&post=19760"}],"curies":[{"name":"wp","href":"https:\/\/api.w.org\/{rel}","templated":true}]}}