{"id":19755,"date":"2023-11-13T11:49:10","date_gmt":"2023-11-13T10:49:10","guid":{"rendered":"https:\/\/baralivres.ma\/?post_type=product&#038;p=19755"},"modified":"2024-11-18T14:16:34","modified_gmt":"2024-11-18T13:16:34","slug":"les-deux-gredins","status":"publish","type":"product","link":"https:\/\/baralivres.ma\/?product=les-deux-gredins","title":{"rendered":"Les Deux Gredins"},"content":{"rendered":"<p>Pour se venger de la farce des vers de terre dans les spaghetti, Comp\u00e8re Gredin d\u00e9cida de concocter une plaisanterie particuli\u00e8rement perverse \u00e0 l&rsquo;encontre de Comm\u00e8re Gredin. Comp\u00e8re Gredin, un individu repoussant dont la barbe est jonch\u00e9e de vieux cornflakes et de restes de sardines, forma avec Comm\u00e8re Gredin, une sorci\u00e8re affreuse munie d&rsquo;un \u0153il de verre, un couple redoutable que l&rsquo;on souhaiterait \u00e9viter \u00e0 tout prix. Dans leur jardin, ils retenaient prisonnier Bob l&rsquo;Acrobate et sa famille dans une cage. Cependant, les singes d\u00e9cid\u00e8rent de tendre un pi\u00e8ge d\u00e9finitif \u00e0 ces odieux Gredins&#8230;<\/p>\n","protected":false},"excerpt":{"rendered":"<p>Comp\u00e8re Gredin se venge de la farce des vers en pi\u00e9geant Comm\u00e8re Gredin avec astuce diabolique.<\/p>\n","protected":false},"featured_media":19768,"comment_status":"open","ping_status":"closed","template":"","meta":{"inline_featured_image":false},"product_cat":[4021,4022,203,204],"product_tag":[],"class_list":{"0":"post-19755","1":"product","2":"type-product","3":"status-publish","4":"has-post-thumbnail","6":"product_cat-collection_roald_dahl","7":"product_cat-francais-collection_roald_dahl","8":"product_cat-adolescente","9":"product_cat-francais","10":"pa_auteurs-roald-dahl","12":"first","13":"instock","14":"shipping-taxable","15":"purchasable","16":"product-type-simple"},"_links":{"self":[{"href":"https:\/\/baralivres.ma\/index.php?rest_route=\/wp\/v2\/product\/19755","targetHints":{"allow":["GET"]}}],"collection":[{"href":"https:\/\/baralivres.ma\/index.php?rest_route=\/wp\/v2\/product"}],"about":[{"href":"https:\/\/baralivres.ma\/index.php?rest_route=\/wp\/v2\/types\/product"}],"replies":[{"embeddable":true,"href":"https:\/\/baralivres.ma\/index.php?rest_route=%2Fwp%2Fv2%2Fcomments&post=19755"}],"version-history":[{"count":1,"href":"https:\/\/baralivres.ma\/index.php?rest_route=\/wp\/v2\/product\/19755\/revisions"}],"predecessor-version":[{"id":19759,"href":"https:\/\/baralivres.ma\/index.php?rest_route=\/wp\/v2\/product\/19755\/revisions\/19759"}],"wp:featuredmedia":[{"embeddable":true,"href":"https:\/\/baralivres.ma\/index.php?rest_route=\/wp\/v2\/media\/19768"}],"wp:attachment":[{"href":"https:\/\/baralivres.ma\/index.php?rest_route=%2Fwp%2Fv2%2Fmedia&parent=19755"}],"wp:term":[{"taxonomy":"product_cat","embeddable":true,"href":"https:\/\/baralivres.ma\/index.php?rest_route=%2Fwp%2Fv2%2Fproduct_cat&post=19755"},{"taxonomy":"product_tag","embeddable":true,"href":"https:\/\/baralivres.ma\/index.php?rest_route=%2Fwp%2Fv2%2Fproduct_tag&post=19755"}],"curies":[{"name":"wp","href":"https:\/\/api.w.org\/{rel}","templated":true}]}}