{"id":19751,"date":"2023-11-13T11:46:51","date_gmt":"2023-11-13T10:46:51","guid":{"rendered":"https:\/\/baralivres.ma\/?post_type=product&#038;p=19751"},"modified":"2024-11-18T14:17:05","modified_gmt":"2024-11-18T13:17:05","slug":"le-bon-gros-geant","status":"publish","type":"product","link":"https:\/\/baralivres.ma\/?product=le-bon-gros-geant","title":{"rendered":"Le Bon Gros G\u00e9ant"},"content":{"rendered":"<p>\u00ab\u00a0Les habitants de la terre ont du mal \u00e0 accepter l&rsquo;existence des g\u00e9ants. Ils ont tendance \u00e0 douter de notre r\u00e9alit\u00e9\u00a0\u00bb, d\u00e9clare Sophie, qui vit une exp\u00e9rience inattendue cette nuit-l\u00e0 en \u00e9tant extraite de son lit par un g\u00e9ant ! Heureusement, il s&rsquo;agit du Bon Gros G\u00e9ant, ou BGG, se nourrissant de schnockombres et se d\u00e9salt\u00e9rant avec de la frambouille. Cependant, dans le royaume des g\u00e9ants, d&rsquo;autres cr\u00e9atures de quinze m\u00e8tres de hauteur, de v\u00e9ritables brutes, ne recherchent qu&rsquo;une chose : les hommes de terre. Sophie et son compagnon, le BGG, parviendront-ils \u00e0 les stopper ? L&rsquo;espoir demeure, car sinon, vous pourriez bien \u00eatre la prochaine victime de ces affreux g\u00e9ants qui d\u00e9vorent les humains.<\/p>\n","protected":false},"excerpt":{"rendered":"<p>Sophie, tir\u00e9e de son lit par le Bon Gros G\u00e9ant, doit stopper des g\u00e9ants mangeurs d&rsquo;humains.<\/p>\n","protected":false},"featured_media":19752,"comment_status":"open","ping_status":"closed","template":"","meta":{"inline_featured_image":false},"product_cat":[4021,4022,203,204],"product_tag":[],"class_list":{"0":"post-19751","1":"product","2":"type-product","3":"status-publish","4":"has-post-thumbnail","6":"product_cat-collection_roald_dahl","7":"product_cat-francais-collection_roald_dahl","8":"product_cat-adolescente","9":"product_cat-francais","10":"pa_auteurs-roald-dahl","12":"first","13":"instock","14":"shipping-taxable","15":"purchasable","16":"product-type-simple"},"_links":{"self":[{"href":"https:\/\/baralivres.ma\/index.php?rest_route=\/wp\/v2\/product\/19751","targetHints":{"allow":["GET"]}}],"collection":[{"href":"https:\/\/baralivres.ma\/index.php?rest_route=\/wp\/v2\/product"}],"about":[{"href":"https:\/\/baralivres.ma\/index.php?rest_route=\/wp\/v2\/types\/product"}],"replies":[{"embeddable":true,"href":"https:\/\/baralivres.ma\/index.php?rest_route=%2Fwp%2Fv2%2Fcomments&post=19751"}],"version-history":[{"count":1,"href":"https:\/\/baralivres.ma\/index.php?rest_route=\/wp\/v2\/product\/19751\/revisions"}],"predecessor-version":[{"id":19754,"href":"https:\/\/baralivres.ma\/index.php?rest_route=\/wp\/v2\/product\/19751\/revisions\/19754"}],"wp:featuredmedia":[{"embeddable":true,"href":"https:\/\/baralivres.ma\/index.php?rest_route=\/wp\/v2\/media\/19752"}],"wp:attachment":[{"href":"https:\/\/baralivres.ma\/index.php?rest_route=%2Fwp%2Fv2%2Fmedia&parent=19751"}],"wp:term":[{"taxonomy":"product_cat","embeddable":true,"href":"https:\/\/baralivres.ma\/index.php?rest_route=%2Fwp%2Fv2%2Fproduct_cat&post=19751"},{"taxonomy":"product_tag","embeddable":true,"href":"https:\/\/baralivres.ma\/index.php?rest_route=%2Fwp%2Fv2%2Fproduct_tag&post=19751"}],"curies":[{"name":"wp","href":"https:\/\/api.w.org\/{rel}","templated":true}]}}