{"id":19741,"date":"2023-11-13T11:41:45","date_gmt":"2023-11-13T10:41:45","guid":{"rendered":"https:\/\/baralivres.ma\/?post_type=product&#038;p=19741"},"modified":"2023-11-13T11:41:46","modified_gmt":"2023-11-13T10:41:46","slug":"la-magie-du-rangement-au-travail","status":"publish","type":"product","link":"https:\/\/baralivres.ma\/?product=la-magie-du-rangement-au-travail","title":{"rendered":"La Magie du rangement au travail"},"content":{"rendered":"<p>Marie Kondo, c\u00e9l\u00e8bre pour \u00ab\u00a0La Magie du rangement\u00a0\u00bb, co-\u00e9crit avec Rice Scott Sonenshein un guide pour organiser le travail. Proposant des solutions pour combattre le d\u00e9sordre et l&rsquo;encombrement au travail, bas\u00e9es sur des \u00e9tudes r\u00e9volutionnaires, les auteurs promettent des strat\u00e9gies efficaces pour rendre heureux.<\/p>\n","protected":false},"excerpt":{"rendered":"<p>Marie Kondo et Rice Scott Sonenshein offrent des solutions pour un travail organis\u00e9, promettant bonheur et efficacit\u00e9.<\/p>\n","protected":false},"featured_media":19745,"comment_status":"open","ping_status":"closed","template":"","meta":{"inline_featured_image":false},"product_cat":[204,91],"product_tag":[],"class_list":{"0":"post-19741","1":"product","2":"type-product","3":"status-publish","4":"has-post-thumbnail","6":"product_cat-francais","7":"product_cat-developpement","8":"pa_auteurs-marie-kondo","10":"first","11":"instock","12":"shipping-taxable","13":"purchasable","14":"product-type-simple"},"_links":{"self":[{"href":"https:\/\/baralivres.ma\/index.php?rest_route=\/wp\/v2\/product\/19741","targetHints":{"allow":["GET"]}}],"collection":[{"href":"https:\/\/baralivres.ma\/index.php?rest_route=\/wp\/v2\/product"}],"about":[{"href":"https:\/\/baralivres.ma\/index.php?rest_route=\/wp\/v2\/types\/product"}],"replies":[{"embeddable":true,"href":"https:\/\/baralivres.ma\/index.php?rest_route=%2Fwp%2Fv2%2Fcomments&post=19741"}],"version-history":[{"count":1,"href":"https:\/\/baralivres.ma\/index.php?rest_route=\/wp\/v2\/product\/19741\/revisions"}],"predecessor-version":[{"id":19746,"href":"https:\/\/baralivres.ma\/index.php?rest_route=\/wp\/v2\/product\/19741\/revisions\/19746"}],"wp:featuredmedia":[{"embeddable":true,"href":"https:\/\/baralivres.ma\/index.php?rest_route=\/wp\/v2\/media\/19745"}],"wp:attachment":[{"href":"https:\/\/baralivres.ma\/index.php?rest_route=%2Fwp%2Fv2%2Fmedia&parent=19741"}],"wp:term":[{"taxonomy":"product_cat","embeddable":true,"href":"https:\/\/baralivres.ma\/index.php?rest_route=%2Fwp%2Fv2%2Fproduct_cat&post=19741"},{"taxonomy":"product_tag","embeddable":true,"href":"https:\/\/baralivres.ma\/index.php?rest_route=%2Fwp%2Fv2%2Fproduct_tag&post=19741"}],"curies":[{"name":"wp","href":"https:\/\/api.w.org\/{rel}","templated":true}]}}