{"id":19738,"date":"2023-11-13T11:38:11","date_gmt":"2023-11-13T10:38:11","guid":{"rendered":"https:\/\/baralivres.ma\/?post_type=product&#038;p=19738"},"modified":"2023-11-13T11:53:11","modified_gmt":"2023-11-13T10:53:11","slug":"cultivez-lenergie-positive-pour-une-vie-heureuse","status":"publish","type":"product","link":"https:\/\/baralivres.ma\/?product=cultivez-lenergie-positive-pour-une-vie-heureuse","title":{"rendered":"Cultivez l&rsquo;\u00e9nergie positive &#8211; Pour une vie heureuse"},"content":{"rendered":"<p>Dans son ouvrage, Vex King, coach ayant surmont\u00e9 des d\u00e9fis personnels, offre des conseils pour atteindre un bonheur durable. Il partage son exp\u00e9rience et sa sagesse intuitive pour encourager les lecteurs \u00e0 prendre soin d&rsquo;eux-m\u00eames, \u00e0 surmonter les \u00e9nergies toxiques, et \u00e0 accorder la priorit\u00e9 \u00e0 leur bien-\u00eatre. En mettant l&rsquo;accent sur la m\u00e9ditation et la cultivation d&rsquo;habitudes positives, King propose des techniques pour changer les croyances limitantes, manifester des objectifs, surmonter la peur et s&rsquo;aligner avec l&rsquo;Univers. L&rsquo;auteur aspire \u00e0 guider les lecteurs vers la d\u00e9couverte de leur objectif sup\u00e9rieur, devenant ainsi une lumi\u00e8re pour les autres. Le livre, traduit de l&rsquo;anglais par Delphine Billaut, se pr\u00e9sente comme un guide inspirant pour transformer sa vie et cultiver une existence \u00e9panouissante.<\/p>\n","protected":false},"excerpt":{"rendered":"<p>Vex King partage sa sagesse pour un bonheur durable, encourageant \u00e0 la croissance personnelle et l&rsquo;optimisme.<\/p>\n","protected":false},"featured_media":19742,"comment_status":"open","ping_status":"closed","template":"","meta":{"inline_featured_image":false},"product_cat":[204,91],"product_tag":[],"class_list":{"0":"post-19738","1":"product","2":"type-product","3":"status-publish","4":"has-post-thumbnail","6":"product_cat-francais","7":"product_cat-developpement","8":"pa_auteurs-vex-king","10":"first","11":"instock","12":"shipping-taxable","13":"purchasable","14":"product-type-simple"},"_links":{"self":[{"href":"https:\/\/baralivres.ma\/index.php?rest_route=\/wp\/v2\/product\/19738","targetHints":{"allow":["GET"]}}],"collection":[{"href":"https:\/\/baralivres.ma\/index.php?rest_route=\/wp\/v2\/product"}],"about":[{"href":"https:\/\/baralivres.ma\/index.php?rest_route=\/wp\/v2\/types\/product"}],"replies":[{"embeddable":true,"href":"https:\/\/baralivres.ma\/index.php?rest_route=%2Fwp%2Fv2%2Fcomments&post=19738"}],"version-history":[{"count":2,"href":"https:\/\/baralivres.ma\/index.php?rest_route=\/wp\/v2\/product\/19738\/revisions"}],"predecessor-version":[{"id":19763,"href":"https:\/\/baralivres.ma\/index.php?rest_route=\/wp\/v2\/product\/19738\/revisions\/19763"}],"wp:featuredmedia":[{"embeddable":true,"href":"https:\/\/baralivres.ma\/index.php?rest_route=\/wp\/v2\/media\/19742"}],"wp:attachment":[{"href":"https:\/\/baralivres.ma\/index.php?rest_route=%2Fwp%2Fv2%2Fmedia&parent=19738"}],"wp:term":[{"taxonomy":"product_cat","embeddable":true,"href":"https:\/\/baralivres.ma\/index.php?rest_route=%2Fwp%2Fv2%2Fproduct_cat&post=19738"},{"taxonomy":"product_tag","embeddable":true,"href":"https:\/\/baralivres.ma\/index.php?rest_route=%2Fwp%2Fv2%2Fproduct_tag&post=19738"}],"curies":[{"name":"wp","href":"https:\/\/api.w.org\/{rel}","templated":true}]}}