{"id":19735,"date":"2023-11-13T11:37:06","date_gmt":"2023-11-13T10:37:06","guid":{"rendered":"https:\/\/baralivres.ma\/?post_type=product&#038;p=19735"},"modified":"2024-11-27T15:13:16","modified_gmt":"2024-11-27T14:13:16","slug":"lile-au-tresor","status":"publish","type":"product","link":"https:\/\/baralivres.ma\/?product=lile-au-tresor","title":{"rendered":"L&rsquo;\u00eele au tr\u00e9sor"},"content":{"rendered":"<p>La destin\u00e9e de Jim Hawkins prend un tournant d\u00e9cisif lorsque qu&rsquo;un marin alcoolique au visage marqu\u00e9 arrive \u00e0 l&rsquo;auberge tenue par ses parents. La v\u00e9ritable identit\u00e9 de cet homme surnomm\u00e9 le \u00ab\u00a0capitaine\u00a0\u00bb demeure un myst\u00e8re. Pourquoi se cache-t-il ? Lors d&rsquo;une nuit tumultueuse, des pirates attaquent l&rsquo;auberge, for\u00e7ant Jim \u00e0 s&rsquo;enfuir en emportant avec lui le secret du vieux forbans : une carte d\u00e9voilant l&#8217;emplacement d&rsquo;une \u00eele renfermant un tr\u00e9sor l\u00e9gendaire. Il s&rsquo;agit l\u00e0 du chef-d&rsquo;\u0153uvre ind\u00e9niable d&rsquo;un ma\u00eetre de l&rsquo;aventure.<\/p>\n","protected":false},"excerpt":{"rendered":"<p>Jim d\u00e9couvre un tr\u00e9sor cach\u00e9 apr\u00e8s fuir des pirates attaquant l&rsquo;auberge de ses parents. Aventure captivante.<\/p>\n","protected":false},"featured_media":19739,"comment_status":"open","ping_status":"closed","template":"","meta":{"inline_featured_image":false},"product_cat":[203,204],"product_tag":[],"class_list":{"0":"post-19735","1":"product","2":"type-product","3":"status-publish","4":"has-post-thumbnail","6":"product_cat-adolescente","7":"product_cat-francais","8":"pa_auteurs-robert","10":"first","11":"instock","12":"shipping-taxable","13":"purchasable","14":"product-type-simple"},"_links":{"self":[{"href":"https:\/\/baralivres.ma\/index.php?rest_route=\/wp\/v2\/product\/19735","targetHints":{"allow":["GET"]}}],"collection":[{"href":"https:\/\/baralivres.ma\/index.php?rest_route=\/wp\/v2\/product"}],"about":[{"href":"https:\/\/baralivres.ma\/index.php?rest_route=\/wp\/v2\/types\/product"}],"replies":[{"embeddable":true,"href":"https:\/\/baralivres.ma\/index.php?rest_route=%2Fwp%2Fv2%2Fcomments&post=19735"}],"version-history":[{"count":2,"href":"https:\/\/baralivres.ma\/index.php?rest_route=\/wp\/v2\/product\/19735\/revisions"}],"predecessor-version":[{"id":19757,"href":"https:\/\/baralivres.ma\/index.php?rest_route=\/wp\/v2\/product\/19735\/revisions\/19757"}],"wp:featuredmedia":[{"embeddable":true,"href":"https:\/\/baralivres.ma\/index.php?rest_route=\/wp\/v2\/media\/19739"}],"wp:attachment":[{"href":"https:\/\/baralivres.ma\/index.php?rest_route=%2Fwp%2Fv2%2Fmedia&parent=19735"}],"wp:term":[{"taxonomy":"product_cat","embeddable":true,"href":"https:\/\/baralivres.ma\/index.php?rest_route=%2Fwp%2Fv2%2Fproduct_cat&post=19735"},{"taxonomy":"product_tag","embeddable":true,"href":"https:\/\/baralivres.ma\/index.php?rest_route=%2Fwp%2Fv2%2Fproduct_tag&post=19735"}],"curies":[{"name":"wp","href":"https:\/\/api.w.org\/{rel}","templated":true}]}}