{"id":19726,"date":"2023-11-13T11:32:09","date_gmt":"2023-11-13T10:32:09","guid":{"rendered":"https:\/\/baralivres.ma\/?post_type=product&#038;p=19726"},"modified":"2024-11-18T14:17:54","modified_gmt":"2024-11-18T13:17:54","slug":"charlie-et-le-grand-ascenseur-de-verre","status":"publish","type":"product","link":"https:\/\/baralivres.ma\/?product=charlie-et-le-grand-ascenseur-de-verre","title":{"rendered":"Charlie et le grand ascenseur de verre"},"content":{"rendered":"<p>\u00ab\u00a0Quelle opportunit\u00e9 incroyable !\u00a0\u00bb s&rsquo;exclama Mr. Wonka. \u00ab\u00a0Nous sommes tomb\u00e9s juste au c\u0153ur de l&rsquo;\u00e9v\u00e9nement spatial le plus colossal de tous les temps !\u00a0\u00bb Swish ! \u00c0 bord du grand ascenseur de verre, Willy Wonka, Charlie Bucket, et sa famille survolent majestueusement la chocolaterie. Alors qu&rsquo;ils contemplent le monde en contrebas, ils r\u00e9alisent qu&rsquo;ils ne sont pas seuls : le tout premier h\u00f4tel spatial a ouvert ses portes. Cependant, ils ne sont pas les seuls visiteurs ; les cr\u00e9atures les plus malicieuses, vindicatives et redoutables de l&rsquo;univers, les Kpoux Vermicieux, r\u00f4dent dans les parages. Il est temps de bien attacher vos estomacs et vos chapeaux ! Seuls Charlie et Willy Wonka poss\u00e8dent le pouvoir d&#8217;emp\u00eacher les Kpoux de causer une destruction totale.<\/p>\n","protected":false},"excerpt":{"rendered":"<p>Wonka, Charlie d\u00e9couvrent l&rsquo;\u00e9v\u00e9nement spatial majeur, affrontent les redoutables Kpoux Vermicieux pour sauver tout.<\/p>\n","protected":false},"featured_media":19728,"comment_status":"open","ping_status":"closed","template":"","meta":{"inline_featured_image":false},"product_cat":[4021,4022,203,204],"product_tag":[],"class_list":{"0":"post-19726","1":"product","2":"type-product","3":"status-publish","4":"has-post-thumbnail","6":"product_cat-collection_roald_dahl","7":"product_cat-francais-collection_roald_dahl","8":"product_cat-adolescente","9":"product_cat-francais","10":"pa_auteurs-roald-dahl","12":"first","13":"instock","14":"shipping-taxable","15":"purchasable","16":"product-type-simple"},"_links":{"self":[{"href":"https:\/\/baralivres.ma\/index.php?rest_route=\/wp\/v2\/product\/19726","targetHints":{"allow":["GET"]}}],"collection":[{"href":"https:\/\/baralivres.ma\/index.php?rest_route=\/wp\/v2\/product"}],"about":[{"href":"https:\/\/baralivres.ma\/index.php?rest_route=\/wp\/v2\/types\/product"}],"replies":[{"embeddable":true,"href":"https:\/\/baralivres.ma\/index.php?rest_route=%2Fwp%2Fv2%2Fcomments&post=19726"}],"version-history":[{"count":1,"href":"https:\/\/baralivres.ma\/index.php?rest_route=\/wp\/v2\/product\/19726\/revisions"}],"predecessor-version":[{"id":19729,"href":"https:\/\/baralivres.ma\/index.php?rest_route=\/wp\/v2\/product\/19726\/revisions\/19729"}],"wp:featuredmedia":[{"embeddable":true,"href":"https:\/\/baralivres.ma\/index.php?rest_route=\/wp\/v2\/media\/19728"}],"wp:attachment":[{"href":"https:\/\/baralivres.ma\/index.php?rest_route=%2Fwp%2Fv2%2Fmedia&parent=19726"}],"wp:term":[{"taxonomy":"product_cat","embeddable":true,"href":"https:\/\/baralivres.ma\/index.php?rest_route=%2Fwp%2Fv2%2Fproduct_cat&post=19726"},{"taxonomy":"product_tag","embeddable":true,"href":"https:\/\/baralivres.ma\/index.php?rest_route=%2Fwp%2Fv2%2Fproduct_tag&post=19726"}],"curies":[{"name":"wp","href":"https:\/\/api.w.org\/{rel}","templated":true}]}}