{"id":19715,"date":"2023-11-13T11:27:03","date_gmt":"2023-11-13T10:27:03","guid":{"rendered":"https:\/\/baralivres.ma\/?post_type=product&#038;p=19715"},"modified":"2024-11-18T14:19:18","modified_gmt":"2024-11-18T13:19:18","slug":"le-royaume-de-kensuke","status":"publish","type":"product","link":"https:\/\/baralivres.ma\/?product=le-royaume-de-kensuke","title":{"rendered":"Le royaume de Kensuk\u00e9"},"content":{"rendered":"<p>Pendant son p\u00e9riple autour du monde en voilier avec ses parents, Michael fait une chute en mer. \u00c0 son r\u00e9veil, il d\u00e9couvre qu&rsquo;il est \u00e9chou\u00e9 avec sa chienne sur une \u00eele isol\u00e9e au c\u0153ur du Pacifique ! Comment survivre sans ressources alimentaires ni abri ? Cependant, l&rsquo;\u00eele n&rsquo;est pas d\u00e9pourvue de pr\u00e9sence, et un myst\u00e9rieux inconnu semble veiller sur Michael. Ainsi d\u00e9bute une aventure extraordinaire et une amiti\u00e9 inoubliable pour le jeune gar\u00e7on&#8230;<\/p>\n","protected":false},"excerpt":{"rendered":"<p>Michael, perdu apr\u00e8s une chute en mer, survit sur une \u00eele du Pacifique avec sa chienne.<\/p>\n","protected":false},"featured_media":19716,"comment_status":"open","ping_status":"closed","template":"","meta":{"inline_featured_image":false},"product_cat":[203,204],"product_tag":[],"class_list":{"0":"post-19715","1":"product","2":"type-product","3":"status-publish","4":"has-post-thumbnail","6":"product_cat-adolescente","7":"product_cat-francais","8":"pa_auteurs-michael-morpurgo","10":"first","11":"instock","12":"shipping-taxable","13":"purchasable","14":"product-type-simple"},"_links":{"self":[{"href":"https:\/\/baralivres.ma\/index.php?rest_route=\/wp\/v2\/product\/19715","targetHints":{"allow":["GET"]}}],"collection":[{"href":"https:\/\/baralivres.ma\/index.php?rest_route=\/wp\/v2\/product"}],"about":[{"href":"https:\/\/baralivres.ma\/index.php?rest_route=\/wp\/v2\/types\/product"}],"replies":[{"embeddable":true,"href":"https:\/\/baralivres.ma\/index.php?rest_route=%2Fwp%2Fv2%2Fcomments&post=19715"}],"version-history":[{"count":1,"href":"https:\/\/baralivres.ma\/index.php?rest_route=\/wp\/v2\/product\/19715\/revisions"}],"predecessor-version":[{"id":19717,"href":"https:\/\/baralivres.ma\/index.php?rest_route=\/wp\/v2\/product\/19715\/revisions\/19717"}],"wp:featuredmedia":[{"embeddable":true,"href":"https:\/\/baralivres.ma\/index.php?rest_route=\/wp\/v2\/media\/19716"}],"wp:attachment":[{"href":"https:\/\/baralivres.ma\/index.php?rest_route=%2Fwp%2Fv2%2Fmedia&parent=19715"}],"wp:term":[{"taxonomy":"product_cat","embeddable":true,"href":"https:\/\/baralivres.ma\/index.php?rest_route=%2Fwp%2Fv2%2Fproduct_cat&post=19715"},{"taxonomy":"product_tag","embeddable":true,"href":"https:\/\/baralivres.ma\/index.php?rest_route=%2Fwp%2Fv2%2Fproduct_tag&post=19715"}],"curies":[{"name":"wp","href":"https:\/\/api.w.org\/{rel}","templated":true}]}}