{"id":19714,"date":"2023-11-13T11:27:28","date_gmt":"2023-11-13T10:27:28","guid":{"rendered":"https:\/\/baralivres.ma\/?post_type=product&#038;p=19714"},"modified":"2023-11-13T11:31:15","modified_gmt":"2023-11-13T10:31:15","slug":"plaidoyer-pour-le-bonheur","status":"publish","type":"product","link":"https:\/\/baralivres.ma\/?product=plaidoyer-pour-le-bonheur","title":{"rendered":"Plaidoyer pour le bonheur"},"content":{"rendered":"<p>Matthieu Ricard explore l&rsquo;existence du bonheur et propose une voie \u00e0 travers l&rsquo;enseignement bouddhiste. Il examine les facteurs qui influent sur la satisfaction profonde pour guider vers le chemin du bonheur, offrant une alternative \u00e0 l&rsquo;individualisme. Ancien g\u00e9n\u00e9ticien, ordonn\u00e9 moine en 1978, Ricard est sp\u00e9cialiste mondial du bouddhisme tib\u00e9tain et vit dans l&rsquo;Himalaya. Il est l&rsquo;interpr\u00e8te fran\u00e7ais du Dala\u00ef-Lama.<\/p>\n","protected":false},"excerpt":{"rendered":"<p>Matthieu Ricard explore le bonheur \u00e0 travers le bouddhisme, offrant une alternative \u00e0 l&rsquo;individualisme pour guider chacun.<\/p>\n","protected":false},"featured_media":19719,"comment_status":"open","ping_status":"closed","template":"","meta":{"inline_featured_image":false},"product_cat":[204,91],"product_tag":[],"class_list":{"0":"post-19714","1":"product","2":"type-product","3":"status-publish","4":"has-post-thumbnail","6":"product_cat-francais","7":"product_cat-developpement","8":"pa_auteurs-matthieu-ricard","10":"first","11":"instock","12":"shipping-taxable","13":"purchasable","14":"product-type-simple"},"_links":{"self":[{"href":"https:\/\/baralivres.ma\/index.php?rest_route=\/wp\/v2\/product\/19714","targetHints":{"allow":["GET"]}}],"collection":[{"href":"https:\/\/baralivres.ma\/index.php?rest_route=\/wp\/v2\/product"}],"about":[{"href":"https:\/\/baralivres.ma\/index.php?rest_route=\/wp\/v2\/types\/product"}],"replies":[{"embeddable":true,"href":"https:\/\/baralivres.ma\/index.php?rest_route=%2Fwp%2Fv2%2Fcomments&post=19714"}],"version-history":[{"count":1,"href":"https:\/\/baralivres.ma\/index.php?rest_route=\/wp\/v2\/product\/19714\/revisions"}],"predecessor-version":[{"id":19720,"href":"https:\/\/baralivres.ma\/index.php?rest_route=\/wp\/v2\/product\/19714\/revisions\/19720"}],"wp:featuredmedia":[{"embeddable":true,"href":"https:\/\/baralivres.ma\/index.php?rest_route=\/wp\/v2\/media\/19719"}],"wp:attachment":[{"href":"https:\/\/baralivres.ma\/index.php?rest_route=%2Fwp%2Fv2%2Fmedia&parent=19714"}],"wp:term":[{"taxonomy":"product_cat","embeddable":true,"href":"https:\/\/baralivres.ma\/index.php?rest_route=%2Fwp%2Fv2%2Fproduct_cat&post=19714"},{"taxonomy":"product_tag","embeddable":true,"href":"https:\/\/baralivres.ma\/index.php?rest_route=%2Fwp%2Fv2%2Fproduct_tag&post=19714"}],"curies":[{"name":"wp","href":"https:\/\/api.w.org\/{rel}","templated":true}]}}