{"id":19708,"date":"2023-11-13T11:28:24","date_gmt":"2023-11-13T10:28:24","guid":{"rendered":"https:\/\/baralivres.ma\/?post_type=product&#038;p=19708"},"modified":"2023-11-13T11:28:25","modified_gmt":"2023-11-13T10:28:25","slug":"devenez-lacteur-de-votre-vie","status":"publish","type":"product","link":"https:\/\/baralivres.ma\/?product=devenez-lacteur-de-votre-vie","title":{"rendered":"Devenez l&rsquo;acteur de votre vie"},"content":{"rendered":"<p>Dans cette exploration de Don Miguel Ruiz, l&rsquo;auteur des Quatre Accords tolt\u00e8ques, il est r\u00e9v\u00e9l\u00e9 que la r\u00e9alit\u00e9 que nous percevons est souvent un r\u00f4le pr\u00e9appris depuis l&rsquo;enfance. Il invite \u00e0 devenir l&rsquo;auteur et le metteur en sc\u00e8ne de notre propre vie. Ruiz souligne comment nous choisissons nos r\u00f4les en fonction des situations et des personnes auxquelles nous faisons face. En prenant conscience de cette ma\u00eetrise, nous avons la possibilit\u00e9 de modifier notre comportement, d&rsquo;exploiter nos talents avec clart\u00e9, et surtout, de cultiver notre authenticit\u00e9. Ce processus nous encourage \u00e0 cesser de jouer un r\u00f4le et \u00e0 embrasser notre \u00eatre authentique.<\/p>\n","protected":false},"excerpt":{"rendered":"<p>Don Miguel Ruiz guide vers une vie authentique en reconnaissant les r\u00f4les pr\u00e9appris, cultivant l&rsquo;authenticit\u00e9.<\/p>\n","protected":false},"featured_media":19721,"comment_status":"open","ping_status":"closed","template":"","meta":{"inline_featured_image":false},"product_cat":[204,91],"product_tag":[],"class_list":{"0":"post-19708","1":"product","2":"type-product","3":"status-publish","4":"has-post-thumbnail","6":"product_cat-francais","7":"product_cat-developpement","8":"pa_auteurs-miguel-ruiz","10":"first","11":"instock","12":"shipping-taxable","13":"purchasable","14":"product-type-simple"},"_links":{"self":[{"href":"https:\/\/baralivres.ma\/index.php?rest_route=\/wp\/v2\/product\/19708","targetHints":{"allow":["GET"]}}],"collection":[{"href":"https:\/\/baralivres.ma\/index.php?rest_route=\/wp\/v2\/product"}],"about":[{"href":"https:\/\/baralivres.ma\/index.php?rest_route=\/wp\/v2\/types\/product"}],"replies":[{"embeddable":true,"href":"https:\/\/baralivres.ma\/index.php?rest_route=%2Fwp%2Fv2%2Fcomments&post=19708"}],"version-history":[{"count":1,"href":"https:\/\/baralivres.ma\/index.php?rest_route=\/wp\/v2\/product\/19708\/revisions"}],"predecessor-version":[{"id":19722,"href":"https:\/\/baralivres.ma\/index.php?rest_route=\/wp\/v2\/product\/19708\/revisions\/19722"}],"wp:featuredmedia":[{"embeddable":true,"href":"https:\/\/baralivres.ma\/index.php?rest_route=\/wp\/v2\/media\/19721"}],"wp:attachment":[{"href":"https:\/\/baralivres.ma\/index.php?rest_route=%2Fwp%2Fv2%2Fmedia&parent=19708"}],"wp:term":[{"taxonomy":"product_cat","embeddable":true,"href":"https:\/\/baralivres.ma\/index.php?rest_route=%2Fwp%2Fv2%2Fproduct_cat&post=19708"},{"taxonomy":"product_tag","embeddable":true,"href":"https:\/\/baralivres.ma\/index.php?rest_route=%2Fwp%2Fv2%2Fproduct_tag&post=19708"}],"curies":[{"name":"wp","href":"https:\/\/api.w.org\/{rel}","templated":true}]}}