{"id":19701,"date":"2023-11-13T11:23:59","date_gmt":"2023-11-13T10:23:59","guid":{"rendered":"https:\/\/baralivres.ma\/?post_type=product&#038;p=19701"},"modified":"2024-11-18T14:19:38","modified_gmt":"2024-11-18T13:19:38","slug":"pinocchio-histoire-dun-pantin-les-aventures-de-pinocchio","status":"publish","type":"product","link":"https:\/\/baralivres.ma\/?product=pinocchio-histoire-dun-pantin-les-aventures-de-pinocchio","title":{"rendered":"Pinocchio &#8211; Histoire d&rsquo;un pantin : Les aventures de Pinocchio"},"content":{"rendered":"<p>Pinocchio, le pantin de bois, a fait la promesse \u00e0 son p\u00e8re, le vieux Gepetto, d&rsquo;\u00eatre ob\u00e9issant et d&rsquo;aller \u00e0 l&rsquo;\u00e9cole. Cependant, comme tous les enfants, il est plus tent\u00e9 par l&rsquo;aventure et le plaisir. Il se retrouve ainsi confront\u00e9 \u00e0 des \u00e9preuves difficiles, allant de vols \u00e0 des maltraitances, en passant par des p\u00e9riodes d&#8217;emprisonnement et de faim. Avec l&rsquo;aide de la f\u00e9e aux cheveux bleus, Pinocchio parviendra-t-il \u00e0 se transformer en un v\u00e9ritable et bon petit gar\u00e7on ?<\/p>\n","protected":false},"excerpt":{"rendered":"<p>Pinocchio, promettant sagesse \u00e0 Gepetto, affronte \u00e9preuves, secouru par la f\u00e9e, cherchant devenir bon gar\u00e7on.<\/p>\n","protected":false},"featured_media":19710,"comment_status":"open","ping_status":"closed","template":"","meta":{"inline_featured_image":false},"product_cat":[203,204],"product_tag":[],"class_list":{"0":"post-19701","1":"product","2":"type-product","3":"status-publish","4":"has-post-thumbnail","6":"product_cat-adolescente","7":"product_cat-francais","8":"pa_auteurs-carlo-collodi","10":"first","11":"instock","12":"shipping-taxable","13":"purchasable","14":"product-type-simple"},"_links":{"self":[{"href":"https:\/\/baralivres.ma\/index.php?rest_route=\/wp\/v2\/product\/19701","targetHints":{"allow":["GET"]}}],"collection":[{"href":"https:\/\/baralivres.ma\/index.php?rest_route=\/wp\/v2\/product"}],"about":[{"href":"https:\/\/baralivres.ma\/index.php?rest_route=\/wp\/v2\/types\/product"}],"replies":[{"embeddable":true,"href":"https:\/\/baralivres.ma\/index.php?rest_route=%2Fwp%2Fv2%2Fcomments&post=19701"}],"version-history":[{"count":1,"href":"https:\/\/baralivres.ma\/index.php?rest_route=\/wp\/v2\/product\/19701\/revisions"}],"predecessor-version":[{"id":19712,"href":"https:\/\/baralivres.ma\/index.php?rest_route=\/wp\/v2\/product\/19701\/revisions\/19712"}],"wp:featuredmedia":[{"embeddable":true,"href":"https:\/\/baralivres.ma\/index.php?rest_route=\/wp\/v2\/media\/19710"}],"wp:attachment":[{"href":"https:\/\/baralivres.ma\/index.php?rest_route=%2Fwp%2Fv2%2Fmedia&parent=19701"}],"wp:term":[{"taxonomy":"product_cat","embeddable":true,"href":"https:\/\/baralivres.ma\/index.php?rest_route=%2Fwp%2Fv2%2Fproduct_cat&post=19701"},{"taxonomy":"product_tag","embeddable":true,"href":"https:\/\/baralivres.ma\/index.php?rest_route=%2Fwp%2Fv2%2Fproduct_tag&post=19701"}],"curies":[{"name":"wp","href":"https:\/\/api.w.org\/{rel}","templated":true}]}}