{"id":19696,"date":"2023-11-13T11:21:04","date_gmt":"2023-11-13T10:21:04","guid":{"rendered":"https:\/\/baralivres.ma\/?post_type=product&#038;p=19696"},"modified":"2023-11-13T11:21:04","modified_gmt":"2023-11-13T10:21:04","slug":"choisir-loptimisme","status":"publish","type":"product","link":"https:\/\/baralivres.ma\/?product=choisir-loptimisme","title":{"rendered":"Choisir l&rsquo;optimisme"},"content":{"rendered":"<p>Shawn Achor explique que la r\u00e9ussite se pr\u00e9pare en changeant notre perception du monde, en ouvrant notre esprit au bonheur. Dans sa m\u00e9thode alliant anecdotes passionnantes et d\u00e9couvertes en psychologie positive, il d\u00e9taille les cinq \u00e9tapes du chemin vers le bien-\u00eatre. Ce guide pratique offre des exercices concrets pour cultiver un optimisme r\u00e9solu et \u00e9largir le champ des possibles.<\/p>\n<p>\u00ab\u00a0Bas\u00e9 sur une rigueur scientifique, l&rsquo;ouvrage propose anecdotes et exercices pour entra\u00eener l&rsquo;optimisme.\u00a0\u00bb &#8211; Psychologies<\/p>\n<p>Assistant de Tal Ben-Shahar \u00e0 Harvard, Shawn Achor est une figure majeure de la psychologie positive, d\u00e9diant ses efforts \u00e0 son application dans le monde professionnel, sollicit\u00e9 par de grandes entreprises mondiales.<\/p>\n","protected":false},"excerpt":{"rendered":"<p>Shawn Achor explique que la r\u00e9ussite se pr\u00e9pare en changeant notre perception du monde, en ouvrant notre esprit au bonheur. Dans sa m\u00e9thode alliant anecdotes passionnantes et d\u00e9couvertes en psychologie positive, il d\u00e9taille les cinq \u00e9tapes du chemin vers le bien-\u00eatre. Ce guide pratique offre des exercices concrets pour cultiver un optimisme r\u00e9solu et \u00e9largir [&hellip;]<\/p>\n","protected":false},"featured_media":19703,"comment_status":"open","ping_status":"closed","template":"","meta":{"inline_featured_image":false},"product_cat":[204,91],"product_tag":[],"class_list":{"0":"post-19696","1":"product","2":"type-product","3":"status-publish","4":"has-post-thumbnail","6":"product_cat-francais","7":"product_cat-developpement","8":"pa_auteurs-shawn-achor","10":"first","11":"instock","12":"shipping-taxable","13":"purchasable","14":"product-type-simple"},"_links":{"self":[{"href":"https:\/\/baralivres.ma\/index.php?rest_route=\/wp\/v2\/product\/19696","targetHints":{"allow":["GET"]}}],"collection":[{"href":"https:\/\/baralivres.ma\/index.php?rest_route=\/wp\/v2\/product"}],"about":[{"href":"https:\/\/baralivres.ma\/index.php?rest_route=\/wp\/v2\/types\/product"}],"replies":[{"embeddable":true,"href":"https:\/\/baralivres.ma\/index.php?rest_route=%2Fwp%2Fv2%2Fcomments&post=19696"}],"version-history":[{"count":1,"href":"https:\/\/baralivres.ma\/index.php?rest_route=\/wp\/v2\/product\/19696\/revisions"}],"predecessor-version":[{"id":19704,"href":"https:\/\/baralivres.ma\/index.php?rest_route=\/wp\/v2\/product\/19696\/revisions\/19704"}],"wp:featuredmedia":[{"embeddable":true,"href":"https:\/\/baralivres.ma\/index.php?rest_route=\/wp\/v2\/media\/19703"}],"wp:attachment":[{"href":"https:\/\/baralivres.ma\/index.php?rest_route=%2Fwp%2Fv2%2Fmedia&parent=19696"}],"wp:term":[{"taxonomy":"product_cat","embeddable":true,"href":"https:\/\/baralivres.ma\/index.php?rest_route=%2Fwp%2Fv2%2Fproduct_cat&post=19696"},{"taxonomy":"product_tag","embeddable":true,"href":"https:\/\/baralivres.ma\/index.php?rest_route=%2Fwp%2Fv2%2Fproduct_tag&post=19696"}],"curies":[{"name":"wp","href":"https:\/\/api.w.org\/{rel}","templated":true}]}}