{"id":19688,"date":"2023-11-13T11:20:00","date_gmt":"2023-11-13T10:20:00","guid":{"rendered":"https:\/\/baralivres.ma\/?post_type=product&#038;p=19688"},"modified":"2024-11-27T15:13:35","modified_gmt":"2024-11-27T14:13:35","slug":"lettres-de-mon-moulin-2","status":"publish","type":"product","link":"https:\/\/baralivres.ma\/?product=lettres-de-mon-moulin-2","title":{"rendered":"Lettres de mon moulin"},"content":{"rendered":"<p>Les c\u00e9l\u00e8bres r\u00e9cits tels que \u00ab\u00a0La ch\u00e8vre de M. Seguin\u00a0\u00bb, \u00ab\u00a0Le secret de ma\u00eetre Cornille\u00a0\u00bb, et \u00ab\u00a0Le cur\u00e9 de Cucugnan\u00a0\u00bb ont pris vie dans un ancien moulin \u00e0 vent, aujourd&rsquo;hui habit\u00e9 par des lapins et un vieux hibou. C&rsquo;est l\u00e0, entre humour et cruaut\u00e9, qu&rsquo;Alphonse Daudet a donn\u00e9 naissance \u00e0 ses histoires les plus m\u00e9morables. Toutes ces \u0153uvres \u00e9voquent avec vivacit\u00e9 la Provence, avec son chant envo\u00fbtant des cigales et le parfum enivrant des lavandes.<\/p>\n","protected":false},"excerpt":{"rendered":"<p>Daudet \u00e9crit ses c\u00e9l\u00e8bres histoires, entre humour et cruaut\u00e9, c\u00e9l\u00e9brant la Provence, cigales et lavandes.<\/p>\n","protected":false},"featured_media":19700,"comment_status":"open","ping_status":"closed","template":"","meta":{"inline_featured_image":false},"product_cat":[203,204],"product_tag":[],"class_list":{"0":"post-19688","1":"product","2":"type-product","3":"status-publish","4":"has-post-thumbnail","6":"product_cat-adolescente","7":"product_cat-francais","8":"pa_auteurs-alphonse-daudet","9":"pa_auteurs-stevenson-robert-louis","11":"first","12":"instock","13":"shipping-taxable","14":"purchasable","15":"product-type-simple"},"_links":{"self":[{"href":"https:\/\/baralivres.ma\/index.php?rest_route=\/wp\/v2\/product\/19688","targetHints":{"allow":["GET"]}}],"collection":[{"href":"https:\/\/baralivres.ma\/index.php?rest_route=\/wp\/v2\/product"}],"about":[{"href":"https:\/\/baralivres.ma\/index.php?rest_route=\/wp\/v2\/types\/product"}],"replies":[{"embeddable":true,"href":"https:\/\/baralivres.ma\/index.php?rest_route=%2Fwp%2Fv2%2Fcomments&post=19688"}],"version-history":[{"count":1,"href":"https:\/\/baralivres.ma\/index.php?rest_route=\/wp\/v2\/product\/19688\/revisions"}],"predecessor-version":[{"id":19702,"href":"https:\/\/baralivres.ma\/index.php?rest_route=\/wp\/v2\/product\/19688\/revisions\/19702"}],"wp:featuredmedia":[{"embeddable":true,"href":"https:\/\/baralivres.ma\/index.php?rest_route=\/wp\/v2\/media\/19700"}],"wp:attachment":[{"href":"https:\/\/baralivres.ma\/index.php?rest_route=%2Fwp%2Fv2%2Fmedia&parent=19688"}],"wp:term":[{"taxonomy":"product_cat","embeddable":true,"href":"https:\/\/baralivres.ma\/index.php?rest_route=%2Fwp%2Fv2%2Fproduct_cat&post=19688"},{"taxonomy":"product_tag","embeddable":true,"href":"https:\/\/baralivres.ma\/index.php?rest_route=%2Fwp%2Fv2%2Fproduct_tag&post=19688"}],"curies":[{"name":"wp","href":"https:\/\/api.w.org\/{rel}","templated":true}]}}