{"id":19687,"date":"2023-11-13T11:17:26","date_gmt":"2023-11-13T10:17:26","guid":{"rendered":"https:\/\/baralivres.ma\/?post_type=product&#038;p=19687"},"modified":"2024-11-18T14:22:27","modified_gmt":"2024-11-18T13:22:27","slug":"le-livre-de-la-jungle-le-livre-de-la-jungle","status":"publish","type":"product","link":"https:\/\/baralivres.ma\/?product=le-livre-de-la-jungle-le-livre-de-la-jungle","title":{"rendered":"Le Livre De La Jungle &#8211; : Le Livre de la jungle"},"content":{"rendered":"<p>Un couple de loups d\u00e9couvre un petit \u00eatre humain \u00e9gar\u00e9 dans la for\u00eat. La m\u00e8re louve d\u00e9cide de l&rsquo;adopter et le nomme Mowgli, refusant de le livrer \u00e0 Shere Khan, le tigre bo\u00eeteux. Furieux, Shere Khan se pr\u00e9sente au Conseil du Clan pour r\u00e9clamer ce qu&rsquo;il estime \u00eatre son d\u00fb. Heureusement, Baloo, l&rsquo;ours, et Bagheera, la panth\u00e8re, interviennent en faveur de Mowgli. Ainsi, l&rsquo;enfant grandit sous leur protection, mais l&rsquo;ombre mena\u00e7ante de Shere Khan plane toujours.<\/p>\n","protected":false},"excerpt":{"rendered":"<p>Louve adopte Mowgli, d\u00e9fiant Shere Khan ; Baloo et Bagheera le prot\u00e8gent contre le tigre.<\/p>\n","protected":false},"featured_media":19689,"comment_status":"open","ping_status":"closed","template":"","meta":{"inline_featured_image":false},"product_cat":[203,204],"product_tag":[],"class_list":{"0":"post-19687","1":"product","2":"type-product","3":"status-publish","4":"has-post-thumbnail","6":"product_cat-adolescente","7":"product_cat-francais","8":"pa_auteurs-rudyard-kipling","10":"first","11":"instock","12":"shipping-taxable","13":"purchasable","14":"product-type-simple"},"_links":{"self":[{"href":"https:\/\/baralivres.ma\/index.php?rest_route=\/wp\/v2\/product\/19687","targetHints":{"allow":["GET"]}}],"collection":[{"href":"https:\/\/baralivres.ma\/index.php?rest_route=\/wp\/v2\/product"}],"about":[{"href":"https:\/\/baralivres.ma\/index.php?rest_route=\/wp\/v2\/types\/product"}],"replies":[{"embeddable":true,"href":"https:\/\/baralivres.ma\/index.php?rest_route=%2Fwp%2Fv2%2Fcomments&post=19687"}],"version-history":[{"count":1,"href":"https:\/\/baralivres.ma\/index.php?rest_route=\/wp\/v2\/product\/19687\/revisions"}],"predecessor-version":[{"id":19691,"href":"https:\/\/baralivres.ma\/index.php?rest_route=\/wp\/v2\/product\/19687\/revisions\/19691"}],"wp:featuredmedia":[{"embeddable":true,"href":"https:\/\/baralivres.ma\/index.php?rest_route=\/wp\/v2\/media\/19689"}],"wp:attachment":[{"href":"https:\/\/baralivres.ma\/index.php?rest_route=%2Fwp%2Fv2%2Fmedia&parent=19687"}],"wp:term":[{"taxonomy":"product_cat","embeddable":true,"href":"https:\/\/baralivres.ma\/index.php?rest_route=%2Fwp%2Fv2%2Fproduct_cat&post=19687"},{"taxonomy":"product_tag","embeddable":true,"href":"https:\/\/baralivres.ma\/index.php?rest_route=%2Fwp%2Fv2%2Fproduct_tag&post=19687"}],"curies":[{"name":"wp","href":"https:\/\/api.w.org\/{rel}","templated":true}]}}