{"id":19685,"date":"2023-11-13T11:17:37","date_gmt":"2023-11-13T10:17:37","guid":{"rendered":"https:\/\/baralivres.ma\/?post_type=product&#038;p=19685"},"modified":"2023-11-13T11:17:38","modified_gmt":"2023-11-13T10:17:38","slug":"la-magie-relationnelle","status":"publish","type":"product","link":"https:\/\/baralivres.ma\/?product=la-magie-relationnelle","title":{"rendered":"La Magie relationnelle"},"content":{"rendered":"<p>L&rsquo;auteur de \u00ab\u00a0L\u00e2cher prise\u00a0\u00bb explore l&rsquo;art de la magie relationnelle, cl\u00e9 d&rsquo;un amour heureux et durable. Guy Finley, cofondateur de Success Without Stress, offre des conseils pour surmonter les difficult\u00e9s et construire des relations \u00e9volutives. Ce guide promet d&rsquo;\u00e9viter les conflits st\u00e9riles, r\u00e9v\u00e9lant une force inattendue pour une relation plus heureuse.<\/p>\n","protected":false},"excerpt":{"rendered":"<p>Guy Finley explore l&rsquo;art de la magie relationnelle, cl\u00e9 pour un amour heureux, \u00e9panoui et durable.<\/p>\n","protected":false},"featured_media":19690,"comment_status":"open","ping_status":"closed","template":"","meta":{"inline_featured_image":false},"product_cat":[204,91],"product_tag":[],"class_list":{"0":"post-19685","1":"product","2":"type-product","3":"status-publish","4":"has-post-thumbnail","6":"product_cat-francais","7":"product_cat-developpement","8":"pa_auteurs-guy-finley","10":"first","11":"instock","12":"shipping-taxable","13":"purchasable","14":"product-type-simple"},"_links":{"self":[{"href":"https:\/\/baralivres.ma\/index.php?rest_route=\/wp\/v2\/product\/19685","targetHints":{"allow":["GET"]}}],"collection":[{"href":"https:\/\/baralivres.ma\/index.php?rest_route=\/wp\/v2\/product"}],"about":[{"href":"https:\/\/baralivres.ma\/index.php?rest_route=\/wp\/v2\/types\/product"}],"replies":[{"embeddable":true,"href":"https:\/\/baralivres.ma\/index.php?rest_route=%2Fwp%2Fv2%2Fcomments&post=19685"}],"version-history":[{"count":1,"href":"https:\/\/baralivres.ma\/index.php?rest_route=\/wp\/v2\/product\/19685\/revisions"}],"predecessor-version":[{"id":19693,"href":"https:\/\/baralivres.ma\/index.php?rest_route=\/wp\/v2\/product\/19685\/revisions\/19693"}],"wp:featuredmedia":[{"embeddable":true,"href":"https:\/\/baralivres.ma\/index.php?rest_route=\/wp\/v2\/media\/19690"}],"wp:attachment":[{"href":"https:\/\/baralivres.ma\/index.php?rest_route=%2Fwp%2Fv2%2Fmedia&parent=19685"}],"wp:term":[{"taxonomy":"product_cat","embeddable":true,"href":"https:\/\/baralivres.ma\/index.php?rest_route=%2Fwp%2Fv2%2Fproduct_cat&post=19685"},{"taxonomy":"product_tag","embeddable":true,"href":"https:\/\/baralivres.ma\/index.php?rest_route=%2Fwp%2Fv2%2Fproduct_tag&post=19685"}],"curies":[{"name":"wp","href":"https:\/\/api.w.org\/{rel}","templated":true}]}}