{"id":19676,"date":"2023-11-13T11:13:37","date_gmt":"2023-11-13T10:13:37","guid":{"rendered":"https:\/\/baralivres.ma\/?post_type=product&#038;p=19676"},"modified":"2024-11-18T14:20:37","modified_gmt":"2024-11-18T13:20:37","slug":"le-roi-arthur","status":"publish","type":"product","link":"https:\/\/baralivres.ma\/?product=le-roi-arthur","title":{"rendered":"Le roi Arthur"},"content":{"rendered":"<p>\u00ab\u00a0C&rsquo;est une histoire riche en passion, marqu\u00e9e par un amour intense, une trag\u00e9die poignante, des \u00e9l\u00e9ments magiques et myst\u00e9rieux, des triomphes \u00e9clatants et des d\u00e9sastres d\u00e9chirants. C&rsquo;est l&rsquo;histoire qui m&rsquo;appartient, mais elle appartient surtout \u00e0 la Table ronde, o\u00f9 autrefois si\u00e9geait une assembl\u00e9e de chevaliers parmi les plus nobles et vaillants que le monde ait jamais connus. Permettez-moi de remonter aux d\u00e9buts, \u00e0 l&rsquo;\u00e9poque o\u00f9 j&rsquo;\u00e9tais encore un enfant, \u00e0 peine plus \u00e2g\u00e9 que tu ne l&rsquo;es aujourd&rsquo;hui.\u00a0\u00bb<\/p>\n","protected":false},"excerpt":{"rendered":"<p>Histoire \u00e9pique d&rsquo;amour, trag\u00e9die, magie et chevaliers \u00e0 la Table ronde, depuis l&rsquo;enfance jusqu&rsquo;au triomphe.<\/p>\n","protected":false},"featured_media":19684,"comment_status":"open","ping_status":"closed","template":"","meta":{"inline_featured_image":false},"product_cat":[203,204],"product_tag":[],"class_list":{"0":"post-19676","1":"product","2":"type-product","3":"status-publish","4":"has-post-thumbnail","6":"product_cat-adolescente","7":"product_cat-francais","8":"pa_auteurs-michael-morpurgo","10":"first","11":"instock","12":"shipping-taxable","13":"purchasable","14":"product-type-simple"},"_links":{"self":[{"href":"https:\/\/baralivres.ma\/index.php?rest_route=\/wp\/v2\/product\/19676","targetHints":{"allow":["GET"]}}],"collection":[{"href":"https:\/\/baralivres.ma\/index.php?rest_route=\/wp\/v2\/product"}],"about":[{"href":"https:\/\/baralivres.ma\/index.php?rest_route=\/wp\/v2\/types\/product"}],"replies":[{"embeddable":true,"href":"https:\/\/baralivres.ma\/index.php?rest_route=%2Fwp%2Fv2%2Fcomments&post=19676"}],"version-history":[{"count":1,"href":"https:\/\/baralivres.ma\/index.php?rest_route=\/wp\/v2\/product\/19676\/revisions"}],"predecessor-version":[{"id":19686,"href":"https:\/\/baralivres.ma\/index.php?rest_route=\/wp\/v2\/product\/19676\/revisions\/19686"}],"wp:featuredmedia":[{"embeddable":true,"href":"https:\/\/baralivres.ma\/index.php?rest_route=\/wp\/v2\/media\/19684"}],"wp:attachment":[{"href":"https:\/\/baralivres.ma\/index.php?rest_route=%2Fwp%2Fv2%2Fmedia&parent=19676"}],"wp:term":[{"taxonomy":"product_cat","embeddable":true,"href":"https:\/\/baralivres.ma\/index.php?rest_route=%2Fwp%2Fv2%2Fproduct_cat&post=19676"},{"taxonomy":"product_tag","embeddable":true,"href":"https:\/\/baralivres.ma\/index.php?rest_route=%2Fwp%2Fv2%2Fproduct_tag&post=19676"}],"curies":[{"name":"wp","href":"https:\/\/api.w.org\/{rel}","templated":true}]}}