{"id":19670,"date":"2023-11-13T11:13:09","date_gmt":"2023-11-13T10:13:09","guid":{"rendered":"https:\/\/baralivres.ma\/?post_type=product&#038;p=19670"},"modified":"2023-11-13T11:13:10","modified_gmt":"2023-11-13T10:13:10","slug":"lacher-prise-2","status":"publish","type":"product","link":"https:\/\/baralivres.ma\/?product=lacher-prise-2","title":{"rendered":"L\u00e2cher prise"},"content":{"rendered":"<p>Comme l&rsquo;arbre lib\u00e8re ses graines pour assurer le renouvellement de la vie, l&rsquo;homme doit l\u00e2cher prise pour r\u00e9g\u00e9n\u00e9rer son \u00eatre. Ce principe, aussi ancien que la nature elle-m\u00eame, enseigne \u00e0 d\u00e9tourner les \u00e9motions n\u00e9gatives et \u00e0 trouver le chemin de l&rsquo;\u00e9panouissement. Un guide lumineux, un hymne \u00e0 la libert\u00e9, offrant des cl\u00e9s pour influencer positivement le cours de la vie.<\/p>\n<p>Guy FINLEY, cofondateur de Success Without Stress et auteur de best-sellers tels que \u00ab\u00a0L\u00e2cher prise\u00a0\u00bb, partage sa sagesse pour un \u00e9panouissement personnel.<\/p>\n","protected":false},"excerpt":{"rendered":"<p>L&rsquo;homme, tel l&rsquo;arbre lib\u00e9rant ses graines, doit l\u00e2cher prise pour renouveler sa vie int\u00e9rieure, selon Guy Finley.<\/p>\n","protected":false},"featured_media":19681,"comment_status":"open","ping_status":"closed","template":"","meta":{"inline_featured_image":false},"product_cat":[204,91],"product_tag":[],"class_list":{"0":"post-19670","1":"product","2":"type-product","3":"status-publish","4":"has-post-thumbnail","6":"product_cat-francais","7":"product_cat-developpement","8":"pa_auteurs-guy-finley","10":"first","11":"instock","12":"shipping-taxable","13":"purchasable","14":"product-type-simple"},"_links":{"self":[{"href":"https:\/\/baralivres.ma\/index.php?rest_route=\/wp\/v2\/product\/19670","targetHints":{"allow":["GET"]}}],"collection":[{"href":"https:\/\/baralivres.ma\/index.php?rest_route=\/wp\/v2\/product"}],"about":[{"href":"https:\/\/baralivres.ma\/index.php?rest_route=\/wp\/v2\/types\/product"}],"replies":[{"embeddable":true,"href":"https:\/\/baralivres.ma\/index.php?rest_route=%2Fwp%2Fv2%2Fcomments&post=19670"}],"version-history":[{"count":1,"href":"https:\/\/baralivres.ma\/index.php?rest_route=\/wp\/v2\/product\/19670\/revisions"}],"predecessor-version":[{"id":19682,"href":"https:\/\/baralivres.ma\/index.php?rest_route=\/wp\/v2\/product\/19670\/revisions\/19682"}],"wp:featuredmedia":[{"embeddable":true,"href":"https:\/\/baralivres.ma\/index.php?rest_route=\/wp\/v2\/media\/19681"}],"wp:attachment":[{"href":"https:\/\/baralivres.ma\/index.php?rest_route=%2Fwp%2Fv2%2Fmedia&parent=19670"}],"wp:term":[{"taxonomy":"product_cat","embeddable":true,"href":"https:\/\/baralivres.ma\/index.php?rest_route=%2Fwp%2Fv2%2Fproduct_cat&post=19670"},{"taxonomy":"product_tag","embeddable":true,"href":"https:\/\/baralivres.ma\/index.php?rest_route=%2Fwp%2Fv2%2Fproduct_tag&post=19670"}],"curies":[{"name":"wp","href":"https:\/\/api.w.org\/{rel}","templated":true}]}}