{"id":19667,"date":"2023-11-13T11:10:47","date_gmt":"2023-11-13T10:10:47","guid":{"rendered":"https:\/\/baralivres.ma\/?post_type=product&#038;p=19667"},"modified":"2024-11-18T14:20:59","modified_gmt":"2024-11-18T13:20:59","slug":"lodyssee","status":"publish","type":"product","link":"https:\/\/baralivres.ma\/?product=lodyssee","title":{"rendered":"L&rsquo;Odyss\u00e9e"},"content":{"rendered":"<p>\u00ab\u00a0Je me nomme Ulysse, fils de La\u00ebrte, reconnu \u00e0 travers le monde pour mes astuces. Si tu le souhaites, je partagerai avec toi les nombreux d\u00e9fis que Zeus a mis sur mon chemin depuis mon d\u00e9part de Troie. Entre les Cyclopes, les temp\u00eates et les sortil\u00e8ges, pourrais-je surmonter ces \u00e9preuves gr\u00e2ce \u00e0 ma ruse l\u00e9gendaire ? Parviendrai-je \u00e0 retrouver le chemin qui me ram\u00e8nera \u00e0 Ithaque, mon \u00eele natale, et \u00e0 \u00e9vincer les pr\u00e9tendants qui convoitent la fid\u00e8le P\u00e9n\u00e9lope ?\u00a0\u00bb<\/p>\n","protected":false},"excerpt":{"rendered":"<p>Ulysse, rus\u00e9 fils de La\u00ebrte, affronte Cyclopes, temp\u00eates, sortil\u00e8ges pour retrouver Ithaque, chasser pr\u00e9tendants de P\u00e9n\u00e9lope.<\/p>\n","protected":false},"featured_media":19673,"comment_status":"open","ping_status":"closed","template":"","meta":{"inline_featured_image":false},"product_cat":[203,204],"product_tag":[],"class_list":{"0":"post-19667","1":"product","2":"type-product","3":"status-publish","4":"has-post-thumbnail","6":"product_cat-adolescente","7":"product_cat-francais","8":"pa_auteurs-homere","10":"first","11":"instock","12":"shipping-taxable","13":"purchasable","14":"product-type-simple"},"_links":{"self":[{"href":"https:\/\/baralivres.ma\/index.php?rest_route=\/wp\/v2\/product\/19667","targetHints":{"allow":["GET"]}}],"collection":[{"href":"https:\/\/baralivres.ma\/index.php?rest_route=\/wp\/v2\/product"}],"about":[{"href":"https:\/\/baralivres.ma\/index.php?rest_route=\/wp\/v2\/types\/product"}],"replies":[{"embeddable":true,"href":"https:\/\/baralivres.ma\/index.php?rest_route=%2Fwp%2Fv2%2Fcomments&post=19667"}],"version-history":[{"count":1,"href":"https:\/\/baralivres.ma\/index.php?rest_route=\/wp\/v2\/product\/19667\/revisions"}],"predecessor-version":[{"id":19674,"href":"https:\/\/baralivres.ma\/index.php?rest_route=\/wp\/v2\/product\/19667\/revisions\/19674"}],"wp:featuredmedia":[{"embeddable":true,"href":"https:\/\/baralivres.ma\/index.php?rest_route=\/wp\/v2\/media\/19673"}],"wp:attachment":[{"href":"https:\/\/baralivres.ma\/index.php?rest_route=%2Fwp%2Fv2%2Fmedia&parent=19667"}],"wp:term":[{"taxonomy":"product_cat","embeddable":true,"href":"https:\/\/baralivres.ma\/index.php?rest_route=%2Fwp%2Fv2%2Fproduct_cat&post=19667"},{"taxonomy":"product_tag","embeddable":true,"href":"https:\/\/baralivres.ma\/index.php?rest_route=%2Fwp%2Fv2%2Fproduct_tag&post=19667"}],"curies":[{"name":"wp","href":"https:\/\/api.w.org\/{rel}","templated":true}]}}