{"id":19660,"date":"2023-11-13T11:12:20","date_gmt":"2023-11-13T10:12:20","guid":{"rendered":"https:\/\/baralivres.ma\/?post_type=product&#038;p=19660"},"modified":"2024-11-27T15:14:02","modified_gmt":"2024-11-27T14:14:02","slug":"lhistoire-daman-2","status":"publish","type":"product","link":"https:\/\/baralivres.ma\/?product=lhistoire-daman-2","title":{"rendered":"L&rsquo;histoire d&rsquo;Aman"},"content":{"rendered":"<p>D\u00e9part : Pour Aman et sa m\u00e8re, c&rsquo;est la seule alternative. \u00c9chapper \u00e0 l&rsquo;Afghanistan, o\u00f9 les talibans instaurent la terreur, et rejoindre l&rsquo;oncle Mir en Angleterre. Naviguer hors du pays devient un d\u00e9fi, entre les rencontres p\u00e9rilleuses, les explosions, la peur, la faim et les contr\u00f4les de police. \u00c0 leurs c\u00f4t\u00e9s, Ombre, la chienne adopt\u00e9e par Aman, devient une compagne d\u00e9vou\u00e9e. Par moments, elle semble indiquer la voie, mais est-ce r\u00e9ellement celle qui conduit \u00e0 une existence meilleure ?<\/p>\n","protected":false},"excerpt":{"rendered":"<p>Aman et sa m\u00e8re fuient l&rsquo;Afghanistan terroris\u00e9 par les talibans, cherchant refuge en Angleterre avec Ombre.<\/p>\n","protected":false},"featured_media":19679,"comment_status":"open","ping_status":"closed","template":"","meta":{"inline_featured_image":false},"product_cat":[203,204],"product_tag":[],"class_list":{"0":"post-19660","1":"product","2":"type-product","3":"status-publish","4":"has-post-thumbnail","6":"product_cat-adolescente","7":"product_cat-francais","8":"pa_auteurs-michael-morpurgo","10":"first","11":"instock","12":"shipping-taxable","13":"purchasable","14":"product-type-simple"},"_links":{"self":[{"href":"https:\/\/baralivres.ma\/index.php?rest_route=\/wp\/v2\/product\/19660","targetHints":{"allow":["GET"]}}],"collection":[{"href":"https:\/\/baralivres.ma\/index.php?rest_route=\/wp\/v2\/product"}],"about":[{"href":"https:\/\/baralivres.ma\/index.php?rest_route=\/wp\/v2\/types\/product"}],"replies":[{"embeddable":true,"href":"https:\/\/baralivres.ma\/index.php?rest_route=%2Fwp%2Fv2%2Fcomments&post=19660"}],"version-history":[{"count":1,"href":"https:\/\/baralivres.ma\/index.php?rest_route=\/wp\/v2\/product\/19660\/revisions"}],"predecessor-version":[{"id":19680,"href":"https:\/\/baralivres.ma\/index.php?rest_route=\/wp\/v2\/product\/19660\/revisions\/19680"}],"wp:featuredmedia":[{"embeddable":true,"href":"https:\/\/baralivres.ma\/index.php?rest_route=\/wp\/v2\/media\/19679"}],"wp:attachment":[{"href":"https:\/\/baralivres.ma\/index.php?rest_route=%2Fwp%2Fv2%2Fmedia&parent=19660"}],"wp:term":[{"taxonomy":"product_cat","embeddable":true,"href":"https:\/\/baralivres.ma\/index.php?rest_route=%2Fwp%2Fv2%2Fproduct_cat&post=19660"},{"taxonomy":"product_tag","embeddable":true,"href":"https:\/\/baralivres.ma\/index.php?rest_route=%2Fwp%2Fv2%2Fproduct_tag&post=19660"}],"curies":[{"name":"wp","href":"https:\/\/api.w.org\/{rel}","templated":true}]}}