{"id":19659,"date":"2023-11-13T11:08:03","date_gmt":"2023-11-13T10:08:03","guid":{"rendered":"https:\/\/baralivres.ma\/?post_type=product&#038;p=19659"},"modified":"2024-11-18T14:21:16","modified_gmt":"2024-11-18T13:21:16","slug":"contes-des-mille-et-une-nuits","status":"publish","type":"product","link":"https:\/\/baralivres.ma\/?product=contes-des-mille-et-une-nuits","title":{"rendered":"Contes des Mille et Une Nuits"},"content":{"rendered":"<p>Deux r\u00e9cits renomm\u00e9s, \u00ab\u00a0Ali Baba et les quarante voleurs\u00a0\u00bb ainsi que \u00ab\u00a0Aladin ou La Lampe merveilleuse\u00a0\u00bb, sont pr\u00e9sent\u00e9s, accompagn\u00e9s d&rsquo;une histoire captivante \u00e0 explorer, \u00ab\u00a0H\u00e2sib et la Reine des serpents\u00a0\u00bb. Le tout est enrichi d&rsquo;un compl\u00e9ment illustr\u00e9 en couleurs.<\/p>\n","protected":false},"excerpt":{"rendered":"<p>\u00ab\u00a0Ali Baba, Aladin, et H\u00e2sib rencontrent aventures fantastiques dans ce recueil illustr\u00e9 de contes captivants.\u00a0\u00bb<\/p>\n","protected":false},"featured_media":19665,"comment_status":"open","ping_status":"closed","template":"","meta":{"inline_featured_image":false},"product_cat":[203,204],"product_tag":[],"class_list":{"0":"post-19659","1":"product","2":"type-product","3":"status-publish","4":"has-post-thumbnail","6":"product_cat-adolescente","7":"product_cat-francais","8":"pa_auteurs-anonyme","10":"first","11":"instock","12":"shipping-taxable","13":"purchasable","14":"product-type-simple"},"_links":{"self":[{"href":"https:\/\/baralivres.ma\/index.php?rest_route=\/wp\/v2\/product\/19659","targetHints":{"allow":["GET"]}}],"collection":[{"href":"https:\/\/baralivres.ma\/index.php?rest_route=\/wp\/v2\/product"}],"about":[{"href":"https:\/\/baralivres.ma\/index.php?rest_route=\/wp\/v2\/types\/product"}],"replies":[{"embeddable":true,"href":"https:\/\/baralivres.ma\/index.php?rest_route=%2Fwp%2Fv2%2Fcomments&post=19659"}],"version-history":[{"count":1,"href":"https:\/\/baralivres.ma\/index.php?rest_route=\/wp\/v2\/product\/19659\/revisions"}],"predecessor-version":[{"id":19666,"href":"https:\/\/baralivres.ma\/index.php?rest_route=\/wp\/v2\/product\/19659\/revisions\/19666"}],"wp:featuredmedia":[{"embeddable":true,"href":"https:\/\/baralivres.ma\/index.php?rest_route=\/wp\/v2\/media\/19665"}],"wp:attachment":[{"href":"https:\/\/baralivres.ma\/index.php?rest_route=%2Fwp%2Fv2%2Fmedia&parent=19659"}],"wp:term":[{"taxonomy":"product_cat","embeddable":true,"href":"https:\/\/baralivres.ma\/index.php?rest_route=%2Fwp%2Fv2%2Fproduct_cat&post=19659"},{"taxonomy":"product_tag","embeddable":true,"href":"https:\/\/baralivres.ma\/index.php?rest_route=%2Fwp%2Fv2%2Fproduct_tag&post=19659"}],"curies":[{"name":"wp","href":"https:\/\/api.w.org\/{rel}","templated":true}]}}