{"id":19656,"date":"2023-11-13T11:08:53","date_gmt":"2023-11-13T10:08:53","guid":{"rendered":"https:\/\/baralivres.ma\/?post_type=product&#038;p=19656"},"modified":"2023-11-13T11:08:54","modified_gmt":"2023-11-13T10:08:54","slug":"vaincre-lennemi-en-soi","status":"publish","type":"product","link":"https:\/\/baralivres.ma\/?product=vaincre-lennemi-en-soi","title":{"rendered":"Vaincre l&rsquo;ennemi en soi"},"content":{"rendered":"<p>L&rsquo;auteur propose un d\u00e9fi unique : signer un trait\u00e9 de paix int\u00e9rieur, cessant la bataille quotidienne. Destin\u00e9 \u00e0 ceux explorant leur univers psychologique et spirituel pour une vie enrichie. Guy Finley, cofondateur de Success Without Stress, offre une perspective dans ses best-sellers, dont \u00ab\u00a0L\u00e2cher prise\u00a0\u00bb.<\/p>\n","protected":false},"excerpt":{"rendered":"<p>D\u00e9fi : signer un trait\u00e9 de paix int\u00e9rieure, cesser la bataille quotidienne, explorant l&rsquo;\u00e9panouissement psychologique et spirituel.<\/p>\n","protected":false},"featured_media":19668,"comment_status":"open","ping_status":"closed","template":"","meta":{"inline_featured_image":false},"product_cat":[204,91],"product_tag":[],"class_list":{"0":"post-19656","1":"product","2":"type-product","3":"status-publish","4":"has-post-thumbnail","6":"product_cat-francais","7":"product_cat-developpement","8":"pa_auteurs-guy-finley","10":"first","11":"instock","12":"shipping-taxable","13":"purchasable","14":"product-type-simple"},"_links":{"self":[{"href":"https:\/\/baralivres.ma\/index.php?rest_route=\/wp\/v2\/product\/19656","targetHints":{"allow":["GET"]}}],"collection":[{"href":"https:\/\/baralivres.ma\/index.php?rest_route=\/wp\/v2\/product"}],"about":[{"href":"https:\/\/baralivres.ma\/index.php?rest_route=\/wp\/v2\/types\/product"}],"replies":[{"embeddable":true,"href":"https:\/\/baralivres.ma\/index.php?rest_route=%2Fwp%2Fv2%2Fcomments&post=19656"}],"version-history":[{"count":1,"href":"https:\/\/baralivres.ma\/index.php?rest_route=\/wp\/v2\/product\/19656\/revisions"}],"predecessor-version":[{"id":19669,"href":"https:\/\/baralivres.ma\/index.php?rest_route=\/wp\/v2\/product\/19656\/revisions\/19669"}],"wp:featuredmedia":[{"embeddable":true,"href":"https:\/\/baralivres.ma\/index.php?rest_route=\/wp\/v2\/media\/19668"}],"wp:attachment":[{"href":"https:\/\/baralivres.ma\/index.php?rest_route=%2Fwp%2Fv2%2Fmedia&parent=19656"}],"wp:term":[{"taxonomy":"product_cat","embeddable":true,"href":"https:\/\/baralivres.ma\/index.php?rest_route=%2Fwp%2Fv2%2Fproduct_cat&post=19656"},{"taxonomy":"product_tag","embeddable":true,"href":"https:\/\/baralivres.ma\/index.php?rest_route=%2Fwp%2Fv2%2Fproduct_tag&post=19656"}],"curies":[{"name":"wp","href":"https:\/\/api.w.org\/{rel}","templated":true}]}}