{"id":19653,"date":"2023-11-13T11:04:36","date_gmt":"2023-11-13T10:04:36","guid":{"rendered":"https:\/\/baralivres.ma\/?post_type=product&#038;p=19653"},"modified":"2024-11-18T14:21:37","modified_gmt":"2024-11-18T13:21:37","slug":"eugenie-grandet-2","status":"publish","type":"product","link":"https:\/\/baralivres.ma\/?product=eugenie-grandet-2","title":{"rendered":"Eug\u00e9nie Grandet"},"content":{"rendered":"<p>Dans la paisible localit\u00e9 de Saumur, le p\u00e8re Grandet, opulent et extr\u00eamement avare, impose une existence difficile \u00e0 son \u00e9pouse et \u00e0 sa fille Eug\u00e9nie. Cette derni\u00e8re, future h\u00e9riti\u00e8re de la richesse paternelle, suscite toutes les convoitises : celui qui r\u00e9ussira \u00e0 la conqu\u00e9rir obtiendra une part de sa fortune. Cependant, malgr\u00e9 les man\u0153uvres de l&rsquo;ombrageux p\u00e8re Grandet, Eug\u00e9nie, pure et candide, s&rsquo;\u00e9prend de son cousin Charles, dont la famille est au bord de la ruine.<\/p>\n","protected":false},"excerpt":{"rendered":"<p>\u00c0 Saumur, l&rsquo;avarice du p\u00e8re Grandet complique l&rsquo;amour d&rsquo;Eug\u00e9nie pour son cousin Charles, ruin\u00e9. Intrigues familiales.<\/p>\n","protected":false},"featured_media":19657,"comment_status":"open","ping_status":"closed","template":"","meta":{"inline_featured_image":false},"product_cat":[203,204],"product_tag":[],"class_list":{"0":"post-19653","1":"product","2":"type-product","3":"status-publish","4":"has-post-thumbnail","6":"product_cat-adolescente","7":"product_cat-francais","8":"pa_auteurs-honore-de-balzac-2","10":"first","11":"instock","12":"shipping-taxable","13":"purchasable","14":"product-type-simple"},"_links":{"self":[{"href":"https:\/\/baralivres.ma\/index.php?rest_route=\/wp\/v2\/product\/19653","targetHints":{"allow":["GET"]}}],"collection":[{"href":"https:\/\/baralivres.ma\/index.php?rest_route=\/wp\/v2\/product"}],"about":[{"href":"https:\/\/baralivres.ma\/index.php?rest_route=\/wp\/v2\/types\/product"}],"replies":[{"embeddable":true,"href":"https:\/\/baralivres.ma\/index.php?rest_route=%2Fwp%2Fv2%2Fcomments&post=19653"}],"version-history":[{"count":1,"href":"https:\/\/baralivres.ma\/index.php?rest_route=\/wp\/v2\/product\/19653\/revisions"}],"predecessor-version":[{"id":19658,"href":"https:\/\/baralivres.ma\/index.php?rest_route=\/wp\/v2\/product\/19653\/revisions\/19658"}],"wp:featuredmedia":[{"embeddable":true,"href":"https:\/\/baralivres.ma\/index.php?rest_route=\/wp\/v2\/media\/19657"}],"wp:attachment":[{"href":"https:\/\/baralivres.ma\/index.php?rest_route=%2Fwp%2Fv2%2Fmedia&parent=19653"}],"wp:term":[{"taxonomy":"product_cat","embeddable":true,"href":"https:\/\/baralivres.ma\/index.php?rest_route=%2Fwp%2Fv2%2Fproduct_cat&post=19653"},{"taxonomy":"product_tag","embeddable":true,"href":"https:\/\/baralivres.ma\/index.php?rest_route=%2Fwp%2Fv2%2Fproduct_tag&post=19653"}],"curies":[{"name":"wp","href":"https:\/\/api.w.org\/{rel}","templated":true}]}}