{"id":19648,"date":"2023-11-13T11:01:33","date_gmt":"2023-11-13T10:01:33","guid":{"rendered":"https:\/\/baralivres.ma\/?post_type=product&#038;p=19648"},"modified":"2024-11-18T14:21:55","modified_gmt":"2024-11-18T13:21:55","slug":"enquete-au-college-le-professeur-a-disparu","status":"publish","type":"product","link":"https:\/\/baralivres.ma\/?product=enquete-au-college-le-professeur-a-disparu","title":{"rendered":"Enqu\u00eate au Coll\u00e8ge &#8211; : Le professeur a disparu"},"content":{"rendered":"<p>R\u00e9mi Pharamon, Mathilde Blondin et Pierre-Paul de Culbert, alias P.P. Cul-Vert, ont remport\u00e9 un s\u00e9jour \u00e0 Venise gr\u00e2ce \u00e0 un concours. Ils partent pour l&rsquo;Italie en compagnie de leur professeur, mais celui-ci dispara\u00eet de mani\u00e8re \u00e9nigmatique en pleine nuit. Les trois coll\u00e9giens d\u00e9cident alors de se lancer \u00e0 la poursuite des ravisseurs.<\/p>\n","protected":false},"excerpt":{"rendered":"<p>Gagnants d&rsquo;un voyage \u00e0 Venise, R\u00e9mi, Mathilde, et P.P. Cul-Vert cherchent leur professeur disparu myst\u00e9rieusement.<\/p>\n","protected":false},"featured_media":19651,"comment_status":"open","ping_status":"closed","template":"","meta":{"inline_featured_image":false},"product_cat":[203,204],"product_tag":[],"class_list":{"0":"post-19648","1":"product","2":"type-product","3":"status-publish","4":"has-post-thumbnail","6":"product_cat-adolescente","7":"product_cat-francais","8":"pa_auteurs-jean-philippe-arrou-vignod","10":"first","11":"instock","12":"shipping-taxable","13":"purchasable","14":"product-type-simple"},"_links":{"self":[{"href":"https:\/\/baralivres.ma\/index.php?rest_route=\/wp\/v2\/product\/19648","targetHints":{"allow":["GET"]}}],"collection":[{"href":"https:\/\/baralivres.ma\/index.php?rest_route=\/wp\/v2\/product"}],"about":[{"href":"https:\/\/baralivres.ma\/index.php?rest_route=\/wp\/v2\/types\/product"}],"replies":[{"embeddable":true,"href":"https:\/\/baralivres.ma\/index.php?rest_route=%2Fwp%2Fv2%2Fcomments&post=19648"}],"version-history":[{"count":1,"href":"https:\/\/baralivres.ma\/index.php?rest_route=\/wp\/v2\/product\/19648\/revisions"}],"predecessor-version":[{"id":19652,"href":"https:\/\/baralivres.ma\/index.php?rest_route=\/wp\/v2\/product\/19648\/revisions\/19652"}],"wp:featuredmedia":[{"embeddable":true,"href":"https:\/\/baralivres.ma\/index.php?rest_route=\/wp\/v2\/media\/19651"}],"wp:attachment":[{"href":"https:\/\/baralivres.ma\/index.php?rest_route=%2Fwp%2Fv2%2Fmedia&parent=19648"}],"wp:term":[{"taxonomy":"product_cat","embeddable":true,"href":"https:\/\/baralivres.ma\/index.php?rest_route=%2Fwp%2Fv2%2Fproduct_cat&post=19648"},{"taxonomy":"product_tag","embeddable":true,"href":"https:\/\/baralivres.ma\/index.php?rest_route=%2Fwp%2Fv2%2Fproduct_tag&post=19648"}],"curies":[{"name":"wp","href":"https:\/\/api.w.org\/{rel}","templated":true}]}}