{"id":19643,"date":"2023-11-13T11:03:16","date_gmt":"2023-11-13T10:03:16","guid":{"rendered":"https:\/\/baralivres.ma\/?post_type=product&#038;p=19643"},"modified":"2023-11-13T11:03:17","modified_gmt":"2023-11-13T10:03:17","slug":"les-cles-pour-lacher-prise","status":"publish","type":"product","link":"https:\/\/baralivres.ma\/?product=les-cles-pour-lacher-prise","title":{"rendered":"Les cl\u00e9s pour l\u00e2cher prise"},"content":{"rendered":"<p>Guy Finley propose une m\u00e9thode r\u00e9volutionnaire pour briser les cha\u00eenes entravant votre \u00e9panouissement, surmonter les angoisses et embrasser le l\u00e2cher-prise. En tant que cofondateur du programme d&rsquo;\u00e9panouissement personnel Success Without Stress et directeur du centre Life of Learning Foundation, Finley tire parti de son expertise pour guider les individus vers une transformation int\u00e9rieure significative. Son approche, expos\u00e9e dans de nombreux best-sellers, dont \u00ab\u00a0L\u00e2cher prise\u00a0\u00bb, offre une invitation puissante \u00e0 dire non aux compromis et \u00e0 prendre un nouveau d\u00e9part vers une vie autonome et \u00e9panouissante.Guy Finley guide vers l&rsquo;\u00e9panouissement en proposant une m\u00e9thode r\u00e9volutionnaire de l\u00e2cher-prise et de transformation int\u00e9rieure.<\/p>\n","protected":false},"excerpt":{"rendered":"<p>Guy Finley guide vers l&rsquo;\u00e9panouissement en proposant une m\u00e9thode r\u00e9volutionnaire de l\u00e2cher-prise et de transformation int\u00e9rieure.<\/p>\n","protected":false},"featured_media":19654,"comment_status":"open","ping_status":"closed","template":"","meta":{"inline_featured_image":false},"product_cat":[204,91],"product_tag":[],"class_list":{"0":"post-19643","1":"product","2":"type-product","3":"status-publish","4":"has-post-thumbnail","6":"product_cat-francais","7":"product_cat-developpement","8":"pa_auteurs-guy-finley","10":"first","11":"instock","12":"shipping-taxable","13":"purchasable","14":"product-type-simple"},"_links":{"self":[{"href":"https:\/\/baralivres.ma\/index.php?rest_route=\/wp\/v2\/product\/19643","targetHints":{"allow":["GET"]}}],"collection":[{"href":"https:\/\/baralivres.ma\/index.php?rest_route=\/wp\/v2\/product"}],"about":[{"href":"https:\/\/baralivres.ma\/index.php?rest_route=\/wp\/v2\/types\/product"}],"replies":[{"embeddable":true,"href":"https:\/\/baralivres.ma\/index.php?rest_route=%2Fwp%2Fv2%2Fcomments&post=19643"}],"version-history":[{"count":1,"href":"https:\/\/baralivres.ma\/index.php?rest_route=\/wp\/v2\/product\/19643\/revisions"}],"predecessor-version":[{"id":19655,"href":"https:\/\/baralivres.ma\/index.php?rest_route=\/wp\/v2\/product\/19643\/revisions\/19655"}],"wp:featuredmedia":[{"embeddable":true,"href":"https:\/\/baralivres.ma\/index.php?rest_route=\/wp\/v2\/media\/19654"}],"wp:attachment":[{"href":"https:\/\/baralivres.ma\/index.php?rest_route=%2Fwp%2Fv2%2Fmedia&parent=19643"}],"wp:term":[{"taxonomy":"product_cat","embeddable":true,"href":"https:\/\/baralivres.ma\/index.php?rest_route=%2Fwp%2Fv2%2Fproduct_cat&post=19643"},{"taxonomy":"product_tag","embeddable":true,"href":"https:\/\/baralivres.ma\/index.php?rest_route=%2Fwp%2Fv2%2Fproduct_tag&post=19643"}],"curies":[{"name":"wp","href":"https:\/\/api.w.org\/{rel}","templated":true}]}}