{"id":19638,"date":"2023-11-13T10:59:10","date_gmt":"2023-11-13T09:59:10","guid":{"rendered":"https:\/\/baralivres.ma\/?post_type=product&#038;p=19638"},"modified":"2024-11-18T14:22:47","modified_gmt":"2024-11-18T13:22:47","slug":"les-malheurs-de-sophie","status":"publish","type":"product","link":"https:\/\/baralivres.ma\/?product=les-malheurs-de-sophie","title":{"rendered":"Les malheurs de Sophie"},"content":{"rendered":"<p>Sophie excelle dans l&rsquo;art de faire des b\u00eatises en rempla\u00e7ant le sucre par de la craie, en coupant ses sourcils, ou en laissant fondre sa poup\u00e9e, t\u00e9moignant ainsi d&rsquo;une imagination d\u00e9bordante. Si elle s&rsquo;inspirait davantage de son cousin bienveillant Paul, ou de ses amies, Camille et Madeleine, il est probable qu&rsquo;elle \u00e9chapperait plus souvent aux punitions. Malheureusement, la vie de Sophie est ponctu\u00e9e de malheurs. Parviendra-t-elle un jour \u00e0 devenir une enfant exemplaire ?<\/p>\n","protected":false},"excerpt":{"rendered":"<p>Sophie, imaginative et espi\u00e8gle, pr\u00e9f\u00e8re les fac\u00e9ties aux exemples de ses proches, accumulant malheurs et punitions.<\/p>\n","protected":false},"featured_media":19646,"comment_status":"open","ping_status":"closed","template":"","meta":{"inline_featured_image":false},"product_cat":[203,204],"product_tag":[],"class_list":{"0":"post-19638","1":"product","2":"type-product","3":"status-publish","4":"has-post-thumbnail","6":"product_cat-adolescente","7":"product_cat-francais","8":"pa_auteurs-sophie-comtesse-de-segur","10":"first","11":"instock","12":"shipping-taxable","13":"purchasable","14":"product-type-simple"},"_links":{"self":[{"href":"https:\/\/baralivres.ma\/index.php?rest_route=\/wp\/v2\/product\/19638","targetHints":{"allow":["GET"]}}],"collection":[{"href":"https:\/\/baralivres.ma\/index.php?rest_route=\/wp\/v2\/product"}],"about":[{"href":"https:\/\/baralivres.ma\/index.php?rest_route=\/wp\/v2\/types\/product"}],"replies":[{"embeddable":true,"href":"https:\/\/baralivres.ma\/index.php?rest_route=%2Fwp%2Fv2%2Fcomments&post=19638"}],"version-history":[{"count":1,"href":"https:\/\/baralivres.ma\/index.php?rest_route=\/wp\/v2\/product\/19638\/revisions"}],"predecessor-version":[{"id":19647,"href":"https:\/\/baralivres.ma\/index.php?rest_route=\/wp\/v2\/product\/19638\/revisions\/19647"}],"wp:featuredmedia":[{"embeddable":true,"href":"https:\/\/baralivres.ma\/index.php?rest_route=\/wp\/v2\/media\/19646"}],"wp:attachment":[{"href":"https:\/\/baralivres.ma\/index.php?rest_route=%2Fwp%2Fv2%2Fmedia&parent=19638"}],"wp:term":[{"taxonomy":"product_cat","embeddable":true,"href":"https:\/\/baralivres.ma\/index.php?rest_route=%2Fwp%2Fv2%2Fproduct_cat&post=19638"},{"taxonomy":"product_tag","embeddable":true,"href":"https:\/\/baralivres.ma\/index.php?rest_route=%2Fwp%2Fv2%2Fproduct_tag&post=19638"}],"curies":[{"name":"wp","href":"https:\/\/api.w.org\/{rel}","templated":true}]}}