{"id":19635,"date":"2023-11-13T10:58:58","date_gmt":"2023-11-13T09:58:58","guid":{"rendered":"https:\/\/baralivres.ma\/?post_type=product&#038;p=19635"},"modified":"2023-11-13T10:58:59","modified_gmt":"2023-11-13T09:58:59","slug":"votre-cerveau-est-extraordinaire","status":"publish","type":"product","link":"https:\/\/baralivres.ma\/?product=votre-cerveau-est-extraordinaire","title":{"rendered":"Votre cerveau est extraordinaire"},"content":{"rendered":"<p>L&rsquo;extraordinaire potentiel de votre cerveau est r\u00e9v\u00e9l\u00e9 par Fabien Olicard. Ce guide propose des conseils et des astuces pour exploiter pleinement les ressources de votre cerveau. Des exp\u00e9riences captivantes sont partag\u00e9es pour surprendre les autres, ainsi que des conseils pratiques pour am\u00e9liorer votre vie quotidienne. Que ce soit pour aborder un inconnu, d\u00e9celer un menteur, lire dans les pens\u00e9es, ou m\u00eame soulager les migraines, ce livre explore les capacit\u00e9s insoup\u00e7onn\u00e9es de votre cerveau. Fabien Olicard offre des perspectives nouvelles pour exploiter tout le potentiel de votre esprit et vivre de mani\u00e8re plus \u00e9panouissante.<\/p>\n","protected":false},"excerpt":{"rendered":"<p>Votre cerveau est extraordinaire ! Fabien Olicard d\u00e9voile conseils, astuces pour d\u00e9velopper son potentiel, bluffer et am\u00e9liorer la vie quotidienne. Exp\u00e9riences, conseils pratiques et d\u00e9couvertes inattendues.<\/p>\n","protected":false},"featured_media":19644,"comment_status":"open","ping_status":"closed","template":"","meta":{"inline_featured_image":false},"product_cat":[204,91],"product_tag":[],"class_list":{"0":"post-19635","1":"product","2":"type-product","3":"status-publish","4":"has-post-thumbnail","6":"product_cat-francais","7":"product_cat-developpement","8":"pa_auteurs-fabien-olicard","10":"first","11":"instock","12":"shipping-taxable","13":"purchasable","14":"product-type-simple"},"_links":{"self":[{"href":"https:\/\/baralivres.ma\/index.php?rest_route=\/wp\/v2\/product\/19635","targetHints":{"allow":["GET"]}}],"collection":[{"href":"https:\/\/baralivres.ma\/index.php?rest_route=\/wp\/v2\/product"}],"about":[{"href":"https:\/\/baralivres.ma\/index.php?rest_route=\/wp\/v2\/types\/product"}],"replies":[{"embeddable":true,"href":"https:\/\/baralivres.ma\/index.php?rest_route=%2Fwp%2Fv2%2Fcomments&post=19635"}],"version-history":[{"count":1,"href":"https:\/\/baralivres.ma\/index.php?rest_route=\/wp\/v2\/product\/19635\/revisions"}],"predecessor-version":[{"id":19645,"href":"https:\/\/baralivres.ma\/index.php?rest_route=\/wp\/v2\/product\/19635\/revisions\/19645"}],"wp:featuredmedia":[{"embeddable":true,"href":"https:\/\/baralivres.ma\/index.php?rest_route=\/wp\/v2\/media\/19644"}],"wp:attachment":[{"href":"https:\/\/baralivres.ma\/index.php?rest_route=%2Fwp%2Fv2%2Fmedia&parent=19635"}],"wp:term":[{"taxonomy":"product_cat","embeddable":true,"href":"https:\/\/baralivres.ma\/index.php?rest_route=%2Fwp%2Fv2%2Fproduct_cat&post=19635"},{"taxonomy":"product_tag","embeddable":true,"href":"https:\/\/baralivres.ma\/index.php?rest_route=%2Fwp%2Fv2%2Fproduct_tag&post=19635"}],"curies":[{"name":"wp","href":"https:\/\/api.w.org\/{rel}","templated":true}]}}