{"id":19632,"date":"2023-11-13T10:56:46","date_gmt":"2023-11-13T09:56:46","guid":{"rendered":"https:\/\/baralivres.ma\/?post_type=product&#038;p=19632"},"modified":"2024-11-18T14:23:04","modified_gmt":"2024-11-18T13:23:04","slug":"la-fameuse-invasion-de-la-sicile-par-les-ours","status":"publish","type":"product","link":"https:\/\/baralivres.ma\/?product=la-fameuse-invasion-de-la-sicile-par-les-ours","title":{"rendered":"La fameuse invasion de la Sicile par les ours"},"content":{"rendered":"<p>Lorsque le fils de Tonin est enlev\u00e9 par des chasseurs, le roi des ours mobilise son arm\u00e9e et quitte les montagnes. Avec l&rsquo;aide du myst\u00e9rieux magicien, le professeur De Ambrosiis, il r\u00e9ussit \u00e0 vaincre les humains. Cependant, en retrouvant Tonin, le roi des ours r\u00e9alise \u00e0 quel point le monde des humains, obs\u00e9d\u00e9 par la richesse, n&rsquo;est pas adapt\u00e9 \u00e0 sa propre esp\u00e8ce.<\/p>\n","protected":false},"excerpt":{"rendered":"<p>Le roi des ours, avec l&rsquo;aide d&rsquo;un magicien, triomphe des chasseurs pour sauver son fils enlev\u00e9.<\/p>\n","protected":false},"featured_media":19636,"comment_status":"open","ping_status":"closed","template":"","meta":{"inline_featured_image":false},"product_cat":[203,204],"product_tag":[],"class_list":{"0":"post-19632","1":"product","2":"type-product","3":"status-publish","4":"has-post-thumbnail","6":"product_cat-adolescente","7":"product_cat-francais","8":"pa_auteurs-dino-buzzati","10":"first","11":"instock","12":"shipping-taxable","13":"purchasable","14":"product-type-simple"},"_links":{"self":[{"href":"https:\/\/baralivres.ma\/index.php?rest_route=\/wp\/v2\/product\/19632","targetHints":{"allow":["GET"]}}],"collection":[{"href":"https:\/\/baralivres.ma\/index.php?rest_route=\/wp\/v2\/product"}],"about":[{"href":"https:\/\/baralivres.ma\/index.php?rest_route=\/wp\/v2\/types\/product"}],"replies":[{"embeddable":true,"href":"https:\/\/baralivres.ma\/index.php?rest_route=%2Fwp%2Fv2%2Fcomments&post=19632"}],"version-history":[{"count":1,"href":"https:\/\/baralivres.ma\/index.php?rest_route=\/wp\/v2\/product\/19632\/revisions"}],"predecessor-version":[{"id":19637,"href":"https:\/\/baralivres.ma\/index.php?rest_route=\/wp\/v2\/product\/19632\/revisions\/19637"}],"wp:featuredmedia":[{"embeddable":true,"href":"https:\/\/baralivres.ma\/index.php?rest_route=\/wp\/v2\/media\/19636"}],"wp:attachment":[{"href":"https:\/\/baralivres.ma\/index.php?rest_route=%2Fwp%2Fv2%2Fmedia&parent=19632"}],"wp:term":[{"taxonomy":"product_cat","embeddable":true,"href":"https:\/\/baralivres.ma\/index.php?rest_route=%2Fwp%2Fv2%2Fproduct_cat&post=19632"},{"taxonomy":"product_tag","embeddable":true,"href":"https:\/\/baralivres.ma\/index.php?rest_route=%2Fwp%2Fv2%2Fproduct_tag&post=19632"}],"curies":[{"name":"wp","href":"https:\/\/api.w.org\/{rel}","templated":true}]}}