{"id":19631,"date":"2023-11-13T10:57:59","date_gmt":"2023-11-13T09:57:59","guid":{"rendered":"https:\/\/baralivres.ma\/?post_type=product&#038;p=19631"},"modified":"2023-11-13T10:58:00","modified_gmt":"2023-11-13T09:58:00","slug":"lart-de-la-guerre-pour-les-femmes","status":"publish","type":"product","link":"https:\/\/baralivres.ma\/?product=lart-de-la-guerre-pour-les-femmes","title":{"rendered":"L&rsquo;art de la guerre pour les femmes"},"content":{"rendered":"<p>Inspir\u00e9 de L&rsquo;Art de la guerre de Sun Tse, ce guide pour les femmes offre une compr\u00e9hension approfondie. En utilisant la sagesse de Ma\u00eetre Sun, l&rsquo;auteure Chin-Ning Chu enseigne le d\u00e9veloppement de l&rsquo;analyse strat\u00e9gique, encourageant l&rsquo;innovation et la cr\u00e9ativit\u00e9, tout en respectant des normes \u00e9thiques \u00e9lev\u00e9es.<\/p>\n","protected":false},"excerpt":{"rendered":"<p>Guide inspir\u00e9 de L&rsquo;Art de la guerre, enseigne l&rsquo;analyse strat\u00e9gique pour l&rsquo;innovation et la cr\u00e9ativit\u00e9 f\u00e9minine.<\/p>\n","protected":false},"featured_media":19641,"comment_status":"open","ping_status":"closed","template":"","meta":{"inline_featured_image":false},"product_cat":[204,91],"product_tag":[],"class_list":{"0":"post-19631","1":"product","2":"type-product","3":"status-publish","4":"has-post-thumbnail","6":"product_cat-francais","7":"product_cat-developpement","8":"pa_auteurs-chu-chin-ning","10":"first","11":"instock","12":"shipping-taxable","13":"purchasable","14":"product-type-simple"},"_links":{"self":[{"href":"https:\/\/baralivres.ma\/index.php?rest_route=\/wp\/v2\/product\/19631","targetHints":{"allow":["GET"]}}],"collection":[{"href":"https:\/\/baralivres.ma\/index.php?rest_route=\/wp\/v2\/product"}],"about":[{"href":"https:\/\/baralivres.ma\/index.php?rest_route=\/wp\/v2\/types\/product"}],"replies":[{"embeddable":true,"href":"https:\/\/baralivres.ma\/index.php?rest_route=%2Fwp%2Fv2%2Fcomments&post=19631"}],"version-history":[{"count":1,"href":"https:\/\/baralivres.ma\/index.php?rest_route=\/wp\/v2\/product\/19631\/revisions"}],"predecessor-version":[{"id":19642,"href":"https:\/\/baralivres.ma\/index.php?rest_route=\/wp\/v2\/product\/19631\/revisions\/19642"}],"wp:featuredmedia":[{"embeddable":true,"href":"https:\/\/baralivres.ma\/index.php?rest_route=\/wp\/v2\/media\/19641"}],"wp:attachment":[{"href":"https:\/\/baralivres.ma\/index.php?rest_route=%2Fwp%2Fv2%2Fmedia&parent=19631"}],"wp:term":[{"taxonomy":"product_cat","embeddable":true,"href":"https:\/\/baralivres.ma\/index.php?rest_route=%2Fwp%2Fv2%2Fproduct_cat&post=19631"},{"taxonomy":"product_tag","embeddable":true,"href":"https:\/\/baralivres.ma\/index.php?rest_route=%2Fwp%2Fv2%2Fproduct_tag&post=19631"}],"curies":[{"name":"wp","href":"https:\/\/api.w.org\/{rel}","templated":true}]}}