{"id":19625,"date":"2023-11-13T10:59:29","date_gmt":"2023-11-13T09:59:29","guid":{"rendered":"https:\/\/baralivres.ma\/?post_type=product&#038;p=19625"},"modified":"2024-11-27T15:14:38","modified_gmt":"2024-11-27T14:14:38","slug":"fantastique-maitre-renard","status":"publish","type":"product","link":"https:\/\/baralivres.ma\/?product=fantastique-maitre-renard","title":{"rendered":"Fantastique Ma\u00eetre Renard"},"content":{"rendered":"<p>Dans la vall\u00e9e, r\u00e9sident trois fermiers opulents sp\u00e9cialis\u00e9s dans l&rsquo;\u00e9levage de d\u00e9licieuses volailles. Boggis, Bunce, Bean, le corpulent, le menu, le d\u00e9charn\u00e9, aussi disgracieux que radins, sont avares, mesquins et malveillants, suscitant la crainte de tous dans les environs, en particulier parmi les enfants et les animaux. Pendant ce temps, au-dessus de la vall\u00e9e, dans la for\u00eat, une famille de renards a \u00e9tabli son terrier. Ma\u00eetre Renard, Dame Renard et leurs quatre renardeaux affam\u00e9s et rus\u00e9s ont trouv\u00e9 une astucieuse mani\u00e8re de se procurer de la nourriture : Ma\u00eetre Renard se glisse discr\u00e8tement dans les poulaillers des trois comp\u00e8res. Ainsi, chaque soir, dindes dodues et tendres poulets agr\u00e9mentent leur menu. Cependant, les trois avares complotent une vengeance redoutable&#8230;<\/p>\n","protected":false},"excerpt":{"rendered":"<p>Trois avares fermiers opprimant la vall\u00e9e, astucieux renards volent leurs volailles, d\u00e9clenchant une vengeance impitoyable.<\/p>\n","protected":false},"featured_media":19640,"comment_status":"open","ping_status":"closed","template":"","meta":{"inline_featured_image":false},"product_cat":[4021,4022,203,204],"product_tag":[],"class_list":{"0":"post-19625","1":"product","2":"type-product","3":"status-publish","4":"has-post-thumbnail","6":"product_cat-collection_roald_dahl","7":"product_cat-francais-collection_roald_dahl","8":"product_cat-adolescente","9":"product_cat-francais","10":"pa_auteurs-roald-dahl","12":"first","13":"instock","14":"shipping-taxable","15":"purchasable","16":"product-type-simple"},"_links":{"self":[{"href":"https:\/\/baralivres.ma\/index.php?rest_route=\/wp\/v2\/product\/19625","targetHints":{"allow":["GET"]}}],"collection":[{"href":"https:\/\/baralivres.ma\/index.php?rest_route=\/wp\/v2\/product"}],"about":[{"href":"https:\/\/baralivres.ma\/index.php?rest_route=\/wp\/v2\/types\/product"}],"replies":[{"embeddable":true,"href":"https:\/\/baralivres.ma\/index.php?rest_route=%2Fwp%2Fv2%2Fcomments&post=19625"}],"version-history":[{"count":1,"href":"https:\/\/baralivres.ma\/index.php?rest_route=\/wp\/v2\/product\/19625\/revisions"}],"predecessor-version":[{"id":19649,"href":"https:\/\/baralivres.ma\/index.php?rest_route=\/wp\/v2\/product\/19625\/revisions\/19649"}],"wp:featuredmedia":[{"embeddable":true,"href":"https:\/\/baralivres.ma\/index.php?rest_route=\/wp\/v2\/media\/19640"}],"wp:attachment":[{"href":"https:\/\/baralivres.ma\/index.php?rest_route=%2Fwp%2Fv2%2Fmedia&parent=19625"}],"wp:term":[{"taxonomy":"product_cat","embeddable":true,"href":"https:\/\/baralivres.ma\/index.php?rest_route=%2Fwp%2Fv2%2Fproduct_cat&post=19625"},{"taxonomy":"product_tag","embeddable":true,"href":"https:\/\/baralivres.ma\/index.php?rest_route=%2Fwp%2Fv2%2Fproduct_tag&post=19625"}],"curies":[{"name":"wp","href":"https:\/\/api.w.org\/{rel}","templated":true}]}}