{"id":19624,"date":"2023-11-13T10:55:38","date_gmt":"2023-11-13T09:55:38","guid":{"rendered":"https:\/\/baralivres.ma\/?post_type=product&#038;p=19624"},"modified":"2023-11-13T10:55:39","modified_gmt":"2023-11-13T09:55:39","slug":"la-transformation-interieure","status":"publish","type":"product","link":"https:\/\/baralivres.ma\/?product=la-transformation-interieure","title":{"rendered":"La Transformation int\u00e9rieure"},"content":{"rendered":"<p>Sadhguru, guide spirituel influent en Inde, partage son parcours et les champs du yoga, nous guidant vers une meilleure connaissance de soi et des \u00e9nergies int\u00e9rieures. Ce livre vise \u00e0 faire de la paix et de la joie le socle de notre vie, transcendant leur statut de simples objectifs. Inspirant et fascinant, il offre des enseignements pour op\u00e9rer notre propre transformation int\u00e9rieure, selon Deepak Chopra. Sadhguru, ma\u00eetre yogi aux millions d&rsquo;adeptes, figure parmi les cinquante personnes les plus influentes en Inde. &#8211; Esprit Yoga.<\/p>\n","protected":false},"excerpt":{"rendered":"<p>Sadhguru, guide spirituel renomm\u00e9, partage sagesse et enseignements pour la transformation int\u00e9rieure vers paix et joie.<\/p>\n","protected":false},"featured_media":19633,"comment_status":"open","ping_status":"closed","template":"","meta":{"inline_featured_image":false},"product_cat":[204,91],"product_tag":[],"class_list":{"0":"post-19624","1":"product","2":"type-product","3":"status-publish","4":"has-post-thumbnail","6":"product_cat-francais","7":"product_cat-developpement","8":"pa_auteurs-sadhguru","10":"first","11":"instock","12":"shipping-taxable","13":"purchasable","14":"product-type-simple"},"_links":{"self":[{"href":"https:\/\/baralivres.ma\/index.php?rest_route=\/wp\/v2\/product\/19624","targetHints":{"allow":["GET"]}}],"collection":[{"href":"https:\/\/baralivres.ma\/index.php?rest_route=\/wp\/v2\/product"}],"about":[{"href":"https:\/\/baralivres.ma\/index.php?rest_route=\/wp\/v2\/types\/product"}],"replies":[{"embeddable":true,"href":"https:\/\/baralivres.ma\/index.php?rest_route=%2Fwp%2Fv2%2Fcomments&post=19624"}],"version-history":[{"count":1,"href":"https:\/\/baralivres.ma\/index.php?rest_route=\/wp\/v2\/product\/19624\/revisions"}],"predecessor-version":[{"id":19634,"href":"https:\/\/baralivres.ma\/index.php?rest_route=\/wp\/v2\/product\/19624\/revisions\/19634"}],"wp:featuredmedia":[{"embeddable":true,"href":"https:\/\/baralivres.ma\/index.php?rest_route=\/wp\/v2\/media\/19633"}],"wp:attachment":[{"href":"https:\/\/baralivres.ma\/index.php?rest_route=%2Fwp%2Fv2%2Fmedia&parent=19624"}],"wp:term":[{"taxonomy":"product_cat","embeddable":true,"href":"https:\/\/baralivres.ma\/index.php?rest_route=%2Fwp%2Fv2%2Fproduct_cat&post=19624"},{"taxonomy":"product_tag","embeddable":true,"href":"https:\/\/baralivres.ma\/index.php?rest_route=%2Fwp%2Fv2%2Fproduct_tag&post=19624"}],"curies":[{"name":"wp","href":"https:\/\/api.w.org\/{rel}","templated":true}]}}