{"id":19621,"date":"2023-11-13T10:54:24","date_gmt":"2023-11-13T09:54:24","guid":{"rendered":"https:\/\/baralivres.ma\/?post_type=product&#038;p=19621"},"modified":"2024-11-28T17:40:36","modified_gmt":"2024-11-28T16:40:36","slug":"fous-de-foot","status":"publish","type":"product","link":"https:\/\/baralivres.ma\/?product=fous-de-foot","title":{"rendered":"Fous de foot"},"content":{"rendered":"<p>Le football est ma passion d\u00e9vorante, \u00e0 tel point qu&rsquo;on me surnommait la \u00ab\u00a0foot-folle\u00a0\u00bb dans mon ancienne \u00e9cole. Pour Sonia, la vie sans ce sport n&rsquo;est tout simplement pas une vie authentique. Cependant, suite \u00e0 son d\u00e9m\u00e9nagement, elle se rend compte que personne dans sa nouvelle \u00e9cole ne semble conscient que les filles aussi peuvent s&rsquo;\u00e9panouir sur un terrain. Ainsi, Sonia va d\u00e9ployer toute son ing\u00e9niosit\u00e9 pour renouer avec sa passion d\u00e9vorante. Cette aventure sportive atypique a \u00e9t\u00e9 r\u00e9compens\u00e9e par une dizaine de prix, dont le prestigieux Prix Tam-Tam J&rsquo;aime Lire en 1995.<\/p>\n","protected":false},"excerpt":{"rendered":"<p>Sonia, passionn\u00e9e de football, cherche \u00e0 pratiquer malgr\u00e9 les st\u00e9r\u00e9otypes de genre dans sa nouvelle \u00e9cole.<\/p>\n","protected":false},"featured_media":19629,"comment_status":"open","ping_status":"closed","template":"","meta":{"inline_featured_image":false},"product_cat":[203,204],"product_tag":[],"class_list":{"0":"post-19621","1":"product","2":"type-product","3":"status-publish","4":"has-post-thumbnail","6":"product_cat-adolescente","7":"product_cat-francais","8":"pa_auteurs-fanny-joly","10":"first","11":"instock","12":"shipping-taxable","13":"purchasable","14":"product-type-simple"},"_links":{"self":[{"href":"https:\/\/baralivres.ma\/index.php?rest_route=\/wp\/v2\/product\/19621","targetHints":{"allow":["GET"]}}],"collection":[{"href":"https:\/\/baralivres.ma\/index.php?rest_route=\/wp\/v2\/product"}],"about":[{"href":"https:\/\/baralivres.ma\/index.php?rest_route=\/wp\/v2\/types\/product"}],"replies":[{"embeddable":true,"href":"https:\/\/baralivres.ma\/index.php?rest_route=%2Fwp%2Fv2%2Fcomments&post=19621"}],"version-history":[{"count":1,"href":"https:\/\/baralivres.ma\/index.php?rest_route=\/wp\/v2\/product\/19621\/revisions"}],"predecessor-version":[{"id":19630,"href":"https:\/\/baralivres.ma\/index.php?rest_route=\/wp\/v2\/product\/19621\/revisions\/19630"}],"wp:featuredmedia":[{"embeddable":true,"href":"https:\/\/baralivres.ma\/index.php?rest_route=\/wp\/v2\/media\/19629"}],"wp:attachment":[{"href":"https:\/\/baralivres.ma\/index.php?rest_route=%2Fwp%2Fv2%2Fmedia&parent=19621"}],"wp:term":[{"taxonomy":"product_cat","embeddable":true,"href":"https:\/\/baralivres.ma\/index.php?rest_route=%2Fwp%2Fv2%2Fproduct_cat&post=19621"},{"taxonomy":"product_tag","embeddable":true,"href":"https:\/\/baralivres.ma\/index.php?rest_route=%2Fwp%2Fv2%2Fproduct_tag&post=19621"}],"curies":[{"name":"wp","href":"https:\/\/api.w.org\/{rel}","templated":true}]}}